{"id":2084,"date":"2022-12-28T17:12:24","date_gmt":"2022-12-28T17:12:24","guid":{"rendered":"https:\/\/academiapoker.net\/politica-privacidad\/"},"modified":"2023-02-04T13:03:56","modified_gmt":"2023-02-04T13:03:56","slug":"politica-privacidad","status":"publish","type":"page","link":"https:\/\/academiapoker.net\/es-ar\/politica-privacidad\/","title":{"rendered":"Pol\u00edtica de privacidad"},"content":{"rendered":"\n<p>Por medio de nuestra pol\u00edtica de privacidad le ponemos al tanto de las debidas condiciones de uso en este sitio.<\/p>\n\n\n\n<p>La utilizaci\u00f3n de estos implica su aceptaci\u00f3n plena y sin reservas a todas y cada una de las disposiciones incluidas en este Aviso Legal, por lo que si usted no est\u00e1 de acuerdo con cualquiera de las condiciones aqu\u00ed establecidas, no deber\u00e1 usar u\/o acceder a este sitio.<\/p>\n\n\n\n<p>Reservamos el derecho a modificar esta Declaraci\u00f3n de Privacidad en cualquier momento. Su uso continuo de cualquier porci\u00f3n de este sitio tras la notificaci\u00f3n o anuncio de tales modificaciones constituir\u00e1 su aceptaci\u00f3n de tales cambios. <\/p>\n\n\n\n<h2 class=\"wp-block-heading\">Galletas o Cookies<\/h2>\n\n\n\n<p>Este sitio hace uso de cookies, el cual son peque\u00f1os ficheros de datos que se generan en su ordenador, el cual env\u00eda informaci\u00f3n sin proporcionar referencias que permitan deducir datos personales de este.<\/p>\n\n\n\n<p>Usted podr\u00e1 configurar su navegador para que notifique y rechace la instalaci\u00f3n de las cookies enviadas por este sitio, sin que ello perjudique la posibilidad de acceder a los contenidos. Sin embargo, no nos responsabilizamos de que la desactivaci\u00f3n de los mismos impida el buen funcionamiento de la del sitio. <\/p>\n\n\n\n<h2 class=\"wp-block-heading\">Google y la cookie de DART de DoubleClick<\/h2>\n\n\n\n<ul class=\"wp-block-list\">\n<li>Google, como proveedor de terceros, utiliza cookies para publicar anuncios en su sitio.<\/li>\n\n\n\n<li>El uso de la cookie DART permite a Google publicar anuncios a usuarios que visitan sus sitios y otros sitios de Internet.<\/li>\n\n\n\n<li>Los usuarios pueden inhabilitar el uso de la cookie de DART accediendo al <a href=\"https:\/\/www.google.com\/privacy_ads.html\" target=\"_blank\" rel=\"noreferrer noopener nofollow\">anuncio de Google y a la pol\u00edtica de privacidad de la red de contenido<\/a>, esto de forma temporal. Para hacerlo de forma permanente pueden descargar e instalar complementos para navegadores web <a href=\"https:\/\/www.google.com\/ads\/preferences\/plugin\/\" target=\"_blank\" rel=\"noreferrer noopener nofollow\">disponibles aqui<\/a>.<\/li>\n<\/ul>\n\n\n\n<h2 class=\"wp-block-heading\">Marcas Web o Web Beacons<\/h2>\n\n\n\n<p>Al igual que las cookies este sitio tambi\u00e9n puede contener web beacons, un archivo electr\u00f3nico gr\u00e1fico que permite contabilizar a los usuarios que acceden al sitio o acceden a determinadas cookies del mismo, de esta manera, podremos ofrecerle una experiencia a\u00fan m\u00e1s personalizada.<\/p>\n\n\n\n<h2 class=\"wp-block-heading\">Acciones De Terceros<\/h2>\n\n\n\n<p>Asimismo, usted encontrar\u00e1 dentro de este sitio, p\u00e1ginas, promociones, micrositios, tiendas virtuales, encuestas, patrocinadores, publicistas, contratistas y\/o socios y servicios comerciales, en conjunto con otros servicios compartidos, propios o cobrandeados con terceros (\u201dSitios Cobrandeados\u201d) que le podr\u00e1n solicitar Informaci\u00f3n, los cuales este sitio le podr\u00e1 revelar informaci\u00f3n proporcionada por usted.<\/p>\n\n\n\n<p>La Informaci\u00f3n que se proporcione en estos Sitios Cobrandeados esta sujeta a las pol\u00edticas de privacidad o leyendas de responsabilidad de Informaci\u00f3n que se desplieguen en dichos Sitios y no estar\u00e1 sujeta a esta pol\u00edtica de privacidad. Por lo que recomendamos ampliamente a los Usuarios a revisar detalladamente las pol\u00edticas de privacidad que se desplieguen en los Sitios Cobrandeados. <\/p>\n\n\n\n<p>Nosotros estudiamos las preferencias de nuestros usuarios, sus caracter\u00edsticas demogr\u00e1ficas, sus patrones de tr\u00e1fico, y otra informaci\u00f3n en conjunto para comprender mejor qui\u00e9nes constituyen nuestra audiencia y qu\u00e9 es lo que usted necesita. El rastreo de las preferencias de nuestros usuarios tambi\u00e9n nos ayuda a servirle a usted los avisos publicitarios m\u00e1s relevantes. <\/p>\n\n\n\n<p>Pol\u00edtica De Privacidad De Fuentes De Rastreo Utilizadas En Este Sitio:<\/p>\n\n\n\n<p>Google (Analytics): <a href=\"https:\/\/www.google.com\/intl\/es_ALL\/privacypolicy.html\" target=\"_blank\" rel=\"noreferrer noopener nofollow\">http:\/\/www.google.com\/intl\/es_ALL\/privacypolicy.html<\/a><\/p>\n\n\n\n<h2 class=\"wp-block-heading\">Pol\u00edtica De Protecci\u00f3n De Datos Personales<\/h2>\n\n\n\n<p>Para utilizar algunos de los servicios o acceder a determinados contenidos, deber\u00e1 proporcionar previamente ciertos datos de car\u00e1cter personal, que solo ser\u00e1n utilizados para el prop\u00f3sito que fueron recopilados.<\/p>\n\n\n\n<p>El tipo de la posible Informaci\u00f3n que se le sea solicitada incluye, de manera enunciativa m\u00e1s no limitativa, su nombre, direcci\u00f3n de correo electr\u00f3nico (e-mail), fecha de nacimiento, sexo, ocupaci\u00f3n, pa\u00eds y ciudad de origen e intereses personales, entre otros, no toda la Informaci\u00f3n solicitada al momento de participar en el sitio es obligatoria de proporcionarse, salvo aquella que consideremos conveniente y que as\u00ed se le haga saber.<\/p>\n\n\n\n<p>C\u00f3mo principio general, este sitio no comparte ni revela informaci\u00f3n obtenida, excepto cuando haya sido autorizada por usted, o en los siguientes casos:<br>a) Cuando le sea requerido por una autoridad competente y previo el cumplimiento del tr\u00e1mite legal correspondiente y b) Cuando a juicio de este sitio sea necesario para hacer cumplir las condiciones de uso y dem\u00e1s t\u00e9rminos de esta p\u00e1gina, o para salvaguardar la integridad de los dem\u00e1s usuarios o del sitio. <br>Deber\u00e1 estar consciente de que si usted voluntariamente revela informaci\u00f3n personal en l\u00ednea en un \u00e1rea p\u00fablica, esa informaci\u00f3n puede ser recogida y usada por otros. Nosotros no controlamos las acciones de nuestros visitantes y usuarios. <\/p>\n\n\n\n<h2 class=\"wp-block-heading\">Conducta Responsable<\/h2>\n\n\n\n<p>Toda la informaci\u00f3n que facilite deber\u00e1 ser veraz. A estos efectos, usted garantiza la autenticidad de todos aquellos datos que comunique como consecuencia de la cumplimentaci\u00f3n de los formularios necesarios para la suscripci\u00f3n de los Servicios, acceso a contenidos o \u00e1reas restringidas del sitio. En todo caso usted ser\u00e1 el \u00fanico responsable de las manifestaciones falsas o inexactas que realice y de los perjuicios que cause a este sitio o a terceros por la informaci\u00f3n que facilite.  <\/p>\n\n\n\n<p>Usted se compromete a actuar en forma responsable en este sitio y a tratar a otros visitantes con respeto.<\/p>\n","protected":false},"excerpt":{"rendered":" ","protected":false},"author":1,"featured_media":0,"parent":0,"menu_order":0,"comment_status":"closed","ping_status":"closed","template":"","meta":{"_uag_custom_page_level_css":"","site-sidebar-layout":"default","site-content-layout":"","ast-site-content-layout":"default","site-content-style":"default","site-sidebar-style":"default","ast-global-header-display":"","ast-banner-title-visibility":"","ast-main-header-display":"","ast-hfb-above-header-display":"","ast-hfb-below-header-display":"","ast-hfb-mobile-header-display":"","site-post-title":"","ast-breadcrumbs-content":"","ast-featured-img":"","footer-sml-layout":"","ast-disable-related-posts":"","theme-transparent-header-meta":"","adv-header-id-meta":"","stick-header-meta":"","header-above-stick-meta":"","header-main-stick-meta":"","header-below-stick-meta":"","astra-migrate-meta-layouts":"default","ast-page-background-enabled":"default","ast-page-background-meta":{"desktop":{"background-color":"var(--ast-global-color-4)","background-image":"","background-repeat":"repeat","background-position":"center center","background-size":"auto","background-attachment":"scroll","background-type":"","background-media":"","overlay-type":"","overlay-color":"","overlay-opacity":"","overlay-gradient":""},"tablet":{"background-color":"","background-image":"","background-repeat":"repeat","background-position":"center center","background-size":"auto","background-attachment":"scroll","background-type":"","background-media":"","overlay-type":"","overlay-color":"","overlay-opacity":"","overlay-gradient":""},"mobile":{"background-color":"","background-image":"","background-repeat":"repeat","background-position":"center center","background-size":"auto","background-attachment":"scroll","background-type":"","background-media":"","overlay-type":"","overlay-color":"","overlay-opacity":"","overlay-gradient":""}},"ast-content-background-meta":{"desktop":{"background-color":"var(--ast-global-color-5)","background-image":"","background-repeat":"repeat","background-position":"center center","background-size":"auto","background-attachment":"scroll","background-type":"","background-media":"","overlay-type":"","overlay-color":"","overlay-opacity":"","overlay-gradient":""},"tablet":{"background-color":"var(--ast-global-color-5)","background-image":"","background-repeat":"repeat","background-position":"center center","background-size":"auto","background-attachment":"scroll","background-type":"","background-media":"","overlay-type":"","overlay-color":"","overlay-opacity":"","overlay-gradient":""},"mobile":{"background-color":"var(--ast-global-color-5)","background-image":"","background-repeat":"repeat","background-position":"center center","background-size":"auto","background-attachment":"scroll","background-type":"","background-media":"","overlay-type":"","overlay-color":"","overlay-opacity":"","overlay-gradient":""}},"footnotes":""},"class_list":["post-2084","page","type-page","status-publish","hentry"],"uagb_featured_image_src":{"full":false,"thumbnail":false,"medium":false,"medium_large":false,"large":false,"1536x1536":false,"2048x2048":false},"uagb_author_info":{"display_name":"academiapokernet","author_link":"https:\/\/academiapoker.net\/es-ar\/author\/academiapokernet\/"},"uagb_comment_info":0,"uagb_excerpt":"[&hellip;]","_links":{"self":[{"href":"https:\/\/academiapoker.net\/es-ar\/wp-json\/wp\/v2\/pages\/2084","targetHints":{"allow":["GET"]}}],"collection":[{"href":"https:\/\/academiapoker.net\/es-ar\/wp-json\/wp\/v2\/pages"}],"about":[{"href":"https:\/\/academiapoker.net\/es-ar\/wp-json\/wp\/v2\/types\/page"}],"author":[{"embeddable":true,"href":"https:\/\/academiapoker.net\/es-ar\/wp-json\/wp\/v2\/users\/1"}],"replies":[{"embeddable":true,"href":"https:\/\/academiapoker.net\/es-ar\/wp-json\/wp\/v2\/comments?post=2084"}],"version-history":[{"count":2,"href":"https:\/\/academiapoker.net\/es-ar\/wp-json\/wp\/v2\/pages\/2084\/revisions"}],"predecessor-version":[{"id":5715,"href":"https:\/\/academiapoker.net\/es-ar\/wp-json\/wp\/v2\/pages\/2084\/revisions\/5715"}],"wp:attachment":[{"href":"https:\/\/academiapoker.net\/es-ar\/wp-json\/wp\/v2\/media?parent=2084"}],"curies":[{"name":"wp","href":"https:\/\/api.w.org\/{rel}","templated":true}]}}