{"id":2098,"date":"2022-12-26T16:59:19","date_gmt":"2022-12-26T16:59:19","guid":{"rendered":"https:\/\/academiapoker.net\/cash-games\/"},"modified":"2023-02-03T20:13:26","modified_gmt":"2023-02-03T20:13:26","slug":"cash-games","status":"publish","type":"page","link":"https:\/\/academiapoker.net\/es-ar\/cash-games\/","title":{"rendered":"\u00bfQu\u00e9 son los Cash Games en el p\u00f3ker?"},"content":{"rendered":"\n<p>En el enorme mundo del p\u00f3ker, las opciones de juego son muchas y a menudo pueden confundir a los jugadores, especialmente a los principiantes. Por eso aqu\u00ed encontrar\u00e1s toda la informaci\u00f3n que necesitas para entender perfectamente c\u00f3mo funciona el <em>Cash Game<\/em> de p\u00f3ker y as\u00ed, comenzar tu aventura <a href=\"https:\/\/academiapoker.net\/es-ar\/tipos-poker\/\">en este tipo de juego<\/a>. <\/p>\n\n<div id=\"ez-toc-container\" class=\"ez-toc-v2_0_79_2 counter-hierarchy ez-toc-counter ez-toc-custom ez-toc-container-direction\">\n<p class=\"ez-toc-title\" style=\"cursor:inherit\">Tabla de contenido:<\/p>\n<label for=\"ez-toc-cssicon-toggle-item-69eb5b4f14ce0\" class=\"ez-toc-cssicon-toggle-label\"><span class=\"ez-toc-cssicon\"><span class=\"eztoc-hide\" style=\"display:none;\">Toggle<\/span><span class=\"ez-toc-icon-toggle-span\"><svg style=\"fill: #ffffff;color:#ffffff\" xmlns=\"http:\/\/www.w3.org\/2000\/svg\" class=\"list-377408\" width=\"20px\" height=\"20px\" viewBox=\"0 0 24 24\" fill=\"none\"><path d=\"M6 6H4v2h2V6zm14 0H8v2h12V6zM4 11h2v2H4v-2zm16 0H8v2h12v-2zM4 16h2v2H4v-2zm16 0H8v2h12v-2z\" fill=\"currentColor\"><\/path><\/svg><svg style=\"fill: #ffffff;color:#ffffff\" class=\"arrow-unsorted-368013\" xmlns=\"http:\/\/www.w3.org\/2000\/svg\" width=\"10px\" height=\"10px\" viewBox=\"0 0 24 24\" version=\"1.2\" baseProfile=\"tiny\"><path d=\"M18.2 9.3l-6.2-6.3-6.2 6.3c-.2.2-.3.4-.3.7s.1.5.3.7c.2.2.4.3.7.3h11c.3 0 .5-.1.7-.3.2-.2.3-.5.3-.7s-.1-.5-.3-.7zM5.8 14.7l6.2 6.3 6.2-6.3c.2-.2.3-.5.3-.7s-.1-.5-.3-.7c-.2-.2-.4-.3-.7-.3h-11c-.3 0-.5.1-.7.3-.2.2-.3.5-.3.7s.1.5.3.7z\"\/><\/svg><\/span><\/span><\/label><input type=\"checkbox\"  id=\"ez-toc-cssicon-toggle-item-69eb5b4f14ce0\" checked aria-label=\"Toggle\" \/><nav><ul class='ez-toc-list ez-toc-list-level-1 ' ><li class='ez-toc-page-1 ez-toc-heading-level-2'><a class=\"ez-toc-link ez-toc-heading-1\" href=\"https:\/\/academiapoker.net\/es-ar\/cash-games\/#%C2%BFQue-es-el-Cash-Game-en-el-poker\" >\u00bfQu\u00e9 es el Cash Game en el p\u00f3ker?<\/a><\/li><li class='ez-toc-page-1 ez-toc-heading-level-2'><a class=\"ez-toc-link ez-toc-heading-2\" href=\"https:\/\/academiapoker.net\/es-ar\/cash-games\/#%C2%BFComo-funcionan-los-Cash-Games-poker\" >\u00bfC\u00f3mo funcionan los Cash Games p\u00f3ker?<\/a><\/li><li class='ez-toc-page-1 ez-toc-heading-level-2'><a class=\"ez-toc-link ez-toc-heading-3\" href=\"https:\/\/academiapoker.net\/es-ar\/cash-games\/#%C2%BFComo-funciona-el-buy-in-en-los-Cash-Games-de-poker\" >\u00bfC\u00f3mo funciona el buy-in en los Cash Games de p\u00f3ker?<\/a><\/li><li class='ez-toc-page-1 ez-toc-heading-level-2'><a class=\"ez-toc-link ez-toc-heading-4\" href=\"https:\/\/academiapoker.net\/es-ar\/cash-games\/#%C2%BFQue-significan-las-siglas-NL-en-Poker-Cash-Games\" >\u00bfQu\u00e9 significan las siglas NL en Poker Cash Games?<\/a><\/li><li class='ez-toc-page-1 ez-toc-heading-level-2'><a class=\"ez-toc-link ez-toc-heading-5\" href=\"https:\/\/academiapoker.net\/es-ar\/cash-games\/#%C2%BFPor-que-jugar-Cash-Games\" >\u00bfPor qu\u00e9 jugar Cash Games?<\/a><\/li><li class='ez-toc-page-1 ez-toc-heading-level-2'><a class=\"ez-toc-link ez-toc-heading-6\" href=\"https:\/\/academiapoker.net\/es-ar\/cash-games\/#Consejos-para-usar-en-los-Cash-Games\" >Consejos para usar en los Cash Games<\/a><ul class='ez-toc-list-level-3' ><li class='ez-toc-heading-level-3'><a class=\"ez-toc-link ez-toc-heading-7\" href=\"https:\/\/academiapoker.net\/es-ar\/cash-games\/#Se-agresivo\" >S\u00e9 agresivo<\/a><\/li><li class='ez-toc-page-1 ez-toc-heading-level-3'><a class=\"ez-toc-link ez-toc-heading-8\" href=\"https:\/\/academiapoker.net\/es-ar\/cash-games\/#Farolea-pero-no-demasiado\" >Farolea, pero no demasiado<\/a><\/li><li class='ez-toc-page-1 ez-toc-heading-level-3'><a class=\"ez-toc-link ez-toc-heading-9\" href=\"https:\/\/academiapoker.net\/es-ar\/cash-games\/#Elige-una-buena-mesa\" >Elige una buena mesa<\/a><\/li><li class='ez-toc-page-1 ez-toc-heading-level-3'><a class=\"ez-toc-link ez-toc-heading-10\" href=\"https:\/\/academiapoker.net\/es-ar\/cash-games\/#Conoce-tu-clasificacion-de-manos-pre-flop-por-posicion\" >Conoce tu clasificaci\u00f3n de manos pre-flop por posici\u00f3n<\/a><\/li><li class='ez-toc-page-1 ez-toc-heading-level-3'><a class=\"ez-toc-link ez-toc-heading-11\" href=\"https:\/\/academiapoker.net\/es-ar\/cash-games\/#Estudia-a-tus-oponentes\" >Estudia a tus oponentes<\/a><\/li><\/ul><\/li><li class='ez-toc-page-1 ez-toc-heading-level-2'><a class=\"ez-toc-link ez-toc-heading-12\" href=\"https:\/\/academiapoker.net\/es-ar\/cash-games\/#Conclusiones\" >Conclusiones<\/a><\/li><li class='ez-toc-page-1 ez-toc-heading-level-2'><a class=\"ez-toc-link ez-toc-heading-13\" href=\"https:\/\/academiapoker.net\/es-ar\/cash-games\/#Preguntas-relacionadas\" >Preguntas relacionadas<\/a><ul class='ez-toc-list-level-3' ><li class='ez-toc-heading-level-3'><a class=\"ez-toc-link ez-toc-heading-14\" href=\"https:\/\/academiapoker.net\/es-ar\/cash-games\/#%C2%BFCuanto-gana-un-jugador-de-Cash-Games\" >\u00bfCu\u00e1nto gana un jugador de Cash Games?<\/a><\/li><li class='ez-toc-page-1 ez-toc-heading-level-3'><a class=\"ez-toc-link ez-toc-heading-15\" href=\"https:\/\/academiapoker.net\/es-ar\/cash-games\/#%C2%BFComo-ser-rentable-en-los-Cash-Games\" >\u00bfC\u00f3mo ser rentable en los Cash Games?<\/a><\/li><li class='ez-toc-page-1 ez-toc-heading-level-3'><a class=\"ez-toc-link ez-toc-heading-16\" href=\"https:\/\/academiapoker.net\/es-ar\/cash-games\/#%C2%BFCuales-son-los-mejores-juegos-para-jugar-en-las-partidas-de-poker-al-contado\" >\u00bfCu\u00e1les son los mejores juegos para jugar en las partidas de p\u00f3ker al contado?<\/a><\/li><li class='ez-toc-page-1 ez-toc-heading-level-3'><a class=\"ez-toc-link ez-toc-heading-17\" href=\"https:\/\/academiapoker.net\/es-ar\/cash-games\/#%C2%BFCuales-son-las-diferencias-entre-las-partidas-de-cash-y-los-torneos-de-poker\" >\u00bfCu\u00e1les son las diferencias entre las partidas de cash y los torneos de p\u00f3ker?<\/a><\/li><\/ul><\/li><\/ul><\/nav><\/div>\n<h2 class=\"wp-block-heading\"><span class=\"ez-toc-section\" id=\"%C2%BFQue-es-el-Cash-Game-en-el-poker\"><\/span><a><\/a>\u00bfQu\u00e9 es el <em>Cash Game<\/em> en el p\u00f3ker?<span class=\"ez-toc-section-end\"><\/span><\/h2>\n\n<p>Lo primero que hay que entender es que el <em>Cash Game<\/em> no es realmente un torneo de p\u00f3ker, sino un tipo de juego de p\u00f3ker, tambi\u00e9n conocido como <em>Ring Games<\/em>. Los <em>Cash Games<\/em> son los m\u00e1s populares del mundo, ya que se pueden jugar en cualquier lugar y con cualquier persona. <\/p>\n\n<figure class=\"wp-block-image size-full\"><img decoding=\"async\" width=\"800\" height=\"456\" src=\"https:\/\/academiapoker.net\/wp-content\/uploads\/cash-game.jpg\" alt=\"cash game\" class=\"wp-image-1357\" title=\"&#xBF;Qu&#xE9; es el Cash Game en el p&#xF3;ker?\" srcset=\"https:\/\/academiapoker.net\/wp-content\/uploads\/cash-game.jpg 800w, https:\/\/academiapoker.net\/wp-content\/uploads\/cash-game-300x171.jpg 300w, https:\/\/academiapoker.net\/wp-content\/uploads\/cash-game-768x438.jpg 768w\" sizes=\"(max-width: 800px) 100vw, 800px\" \/><\/figure>\n\n<p>Al ser un juego muy sencillo, aqu\u00ed los jugadores est\u00e1n en una sola mesa, cambian su dinero por fichas y cada uno se lleva lo que gana en la mesa.<\/p>\n\n<h2 class=\"wp-block-heading\"><span class=\"ez-toc-section\" id=\"%C2%BFComo-funcionan-los-Cash-Games-poker\"><\/span><a><\/a>\u00bfC\u00f3mo funcionan los <em>Cash Games<\/em> p\u00f3ker?<span class=\"ez-toc-section-end\"><\/span><\/h2>\n\n<p>Los juegos de <em>Cash Games<\/em> son muy sencillos. Solo tienes que sentarte en una mesa, jugar al p\u00f3ker y en el momento en que decidas dejar de jugar, simplemente tomas tus fichas y abandonas la mesa. <\/p>\n\n<p>A diferencia <a href=\"https:\/\/academiapoker.net\/es-ar\/torneos-poker\/\">de los torneos convencionales<\/a>, estos no tienen fecha ni hora de inicio, por lo que tambi\u00e9n es un tipo de juego para jugar en casa con amigos y por dinero. Otra gran diferencia es que en los <em>Cash Games<\/em> no hay un ganador, ya que los jugadores se quedan con el monto de dinero que pudieron obtener durante el juego. Es decir, puedes ganar una ronda de apuestas, llevarte el bote, levantarte de la mesa e irte a casa. <\/p>\n\n<p>En los torneos esto es diferente, porque el juego no termina hasta que hay un campe\u00f3n, que adem\u00e1s de llevarse el premio mayor, suele llevarse un trofeo, y son pocos los que se llevan alg\u00fan premio. En las partidas de cash todo el mundo puede ganar, todo el tiempo. <\/p>\n\n<h2 class=\"wp-block-heading\"><span class=\"ez-toc-section\" id=\"%C2%BFComo-funciona-el-buy-in-en-los-Cash-Games-de-poker\"><\/span>\u00bfC\u00f3mo funciona el buy-in en los Cash Games de p\u00f3ker?<span class=\"ez-toc-section-end\"><\/span><\/h2>\n\n<p>En los <em>Cash Games<\/em> hay un monto m\u00ednimo y m\u00e1ximo para el <em>buy-in<\/em>, que var\u00eda seg\u00fan el tama\u00f1o de la apuesta. Los <em>blinds<\/em>, en este tipo de juego, tienen un valor fijo, lo que puede convertirlo en un juego m\u00e1s elaborado, ya que mantendr\u00e1s un <em>stack<\/em> m\u00e1s grande y generar\u00e1s muchas posibilidades de juego. Por eso es importante <a href=\"https:\/\/academiapoker.net\/es-ar\/estrategias\/\">mantener una buena estrategia de juego<\/a>.  <\/p>\n\n<h2 class=\"wp-block-heading\"><span class=\"ez-toc-section\" id=\"%C2%BFQue-significan-las-siglas-NL-en-Poker-Cash-Games\"><\/span>\u00bfQu\u00e9 significan las siglas NL en Poker Cash Games?<span class=\"ez-toc-section-end\"><\/span><\/h2>\n\n<p>A la hora de elegir una mesa para <a href=\"https:\/\/academiapoker.net\/es-ar\/\">jugar una partida de p\u00f3ker<\/a> al contado podemos tener algunas dudas. Para hacer la mejor elecci\u00f3n, debe entender qu\u00e9 significa NL.<\/p>\n\n<p>NL en p\u00f3ker, significa Sin L\u00edmite. Esto significa que puedes ir all-in en cualquier momento de la partida. <\/p>\n\n<p>Tambi\u00e9n es importante saber interpretar el n\u00famero que viene despu\u00e9s del &#8220;NL&#8221;, por ejemplo: NL200, NL500, etc.<\/p>\n\n<p>Este n\u00famero que aparece despu\u00e9s del NL se refiere al n\u00famero de la ciega grande multiplicado por cien, y es tambi\u00e9n la cantidad m\u00e1xima de dinero con la que puede sentarse a la mesa. As\u00ed, en el caso de NL200, las ciegas ser\u00e1n de $1\/$2, y podr\u00e1 entrar en la mesa con un stack m\u00e1ximo de 200, o 100 ciegas grandes. <\/p>\n\n<h2 class=\"wp-block-heading\"><span class=\"ez-toc-section\" id=\"%C2%BFPor-que-jugar-Cash-Games\"><\/span><a><\/a>\u00bfPor qu\u00e9 jugar <em>Cash Games<\/em>?<span class=\"ez-toc-section-end\"><\/span><\/h2>\n\n<p>Por supuesto, todo depende del gusto y la preferencia de cada jugador. Entonces, si a\u00fan no has decidido si juegas en un torneo o en <em>Cash Games<\/em>, veamos algunas ventajas de los <em>Cash Games<\/em>. <\/p>\n\n<p>Primero est\u00e1 la libertad. Los <em>Cash Games<\/em> no tienen fecha ni hora. Son juegos que puedes disfrutar en cualquier tiempo libre que tengas para ganar dinero extra. Adem\u00e1s, t\u00fa decides si jugar diez minutos o cinco horas, ya que puedes abandonar la mesa cuando quieras.  <\/p>\n\n<p>Otra gran ventaja es que la varianza es mucho menor que en los torneos de p\u00f3ker. En los <em>Cash Games<\/em> no podr\u00e1s hacer<em>big hits<\/em>, por lo que no habr\u00e1 grandes rachas de p\u00e9rdidas que disminuyan tu <em>bankroll<\/em>. Al mantener un buen juego, la recompensa es constante y por eso es importante tener un buen desempe\u00f1o durante todo el juego para obtener m\u00e1s ganancias.  <\/p>\n\n<h2 class=\"wp-block-heading\"><span class=\"ez-toc-section\" id=\"Consejos-para-usar-en-los-Cash-Games\"><\/span>Consejos para usar en los <em>Cash Games<\/em><span class=\"ez-toc-section-end\"><\/span><\/h2>\n\n<figure class=\"wp-block-image size-full\"><img decoding=\"async\" width=\"800\" height=\"534\" src=\"https:\/\/academiapoker.net\/wp-content\/uploads\/cash-games-consejos.jpg\" alt=\"cash games consejos\" class=\"wp-image-1359\" title=\"Consejos para usar en los Cash Games\" srcset=\"https:\/\/academiapoker.net\/wp-content\/uploads\/cash-games-consejos.jpg 800w, https:\/\/academiapoker.net\/wp-content\/uploads\/cash-games-consejos-300x200.jpg 300w, https:\/\/academiapoker.net\/wp-content\/uploads\/cash-games-consejos-768x513.jpg 768w\" sizes=\"(max-width: 800px) 100vw, 800px\" \/><\/figure>\n\n<p>Por mucho que el <em>Cash Game<\/em> sea considerado sencillo en su organizaci\u00f3n, sigue siendo un juego interesante y hasta m\u00e1s elaborado.<\/p>\n\n<p>As\u00ed que, aqu\u00ed tienes los principales consejos para sacarle el m\u00e1ximo partido a los <em>Cash Games<\/em> y poder sacar mucho provecho de ellos.<\/p>\n\n<h3 class=\"wp-block-heading\"><span class=\"ez-toc-section\" id=\"Se-agresivo\"><\/span><a><\/a>S\u00e9 agresivo<span class=\"ez-toc-section-end\"><\/span><\/h3>\n\n<p>Ser agresivo en el p\u00f3ker puede hacer que tus oponentes abandonen la mesa y ni siquiera tengas que hacer un <em>showdown, <\/em>para llevarte el bote de forma temprana.<\/p>\n\n<h3 class=\"wp-block-heading\"><span class=\"ez-toc-section\" id=\"Farolea-pero-no-demasiado\"><\/span>Farolea, pero no demasiado<span class=\"ez-toc-section-end\"><\/span><\/h3>\n\n<figure class=\"wp-block-image size-full\"><img decoding=\"async\" width=\"800\" height=\"534\" src=\"https:\/\/academiapoker.net\/wp-content\/uploads\/farol-cash-games.jpg\" alt=\"farol cash games\" class=\"wp-image-1360\" title=\"Farolea, pero no demasiado\" srcset=\"https:\/\/academiapoker.net\/wp-content\/uploads\/farol-cash-games.jpg 800w, https:\/\/academiapoker.net\/wp-content\/uploads\/farol-cash-games-300x200.jpg 300w, https:\/\/academiapoker.net\/wp-content\/uploads\/farol-cash-games-768x513.jpg 768w\" sizes=\"(max-width: 800px) 100vw, 800px\" \/><\/figure>\n\n<p>En el p\u00f3ker, siempre <a href=\"https:\/\/academiapoker.net\/es-ar\/estrategias\/farol-poker\/\">es importante saber c\u00f3mo farolear<\/a>, pero con control. Si faroleas muy poco, tus oponentes siempre sabr\u00e1n que tienes una buena mano cuando subas tu apuesta, por ejemplo, y conocer\u00e1n tu juego. Si faroleas demasiado, tus oponentes pueden arriesgar en tu contra, y definitivamente terminar\u00e1s perdiendo fichas. <\/p>\n\n<h3 class=\"wp-block-heading\"><span class=\"ez-toc-section\" id=\"Elige-una-buena-mesa\"><\/span><a><\/a>Elige una buena mesa<span class=\"ez-toc-section-end\"><\/span><\/h3>\n\n<p>En las mesas de <em>Cash Games<\/em>, tu ganancia proviene del bote formado por las p\u00e9rdidas de los jugadores que participan en las mesas. Por lo tanto, la mejor mesa para ganar en juegos de p\u00f3ker es aquella con <a href=\"https:\/\/academiapoker.net\/es-ar\/jugadores-poker\/10-tipos-jugadores-poker\/\">jugadores <em>fish<\/em><\/a> que sabes que te har\u00e1n ganar. <\/p>\n\n<h3 class=\"wp-block-heading\"><span class=\"ez-toc-section\" id=\"Conoce-tu-clasificacion-de-manos-pre-flop-por-posicion\"><\/span><a><\/a>Conoce tu clasificaci\u00f3n de manos <em>pre-flop<\/em> por posici\u00f3n<span class=\"ez-toc-section-end\"><\/span><\/h3>\n\n<p>La <a href=\"https:\/\/academiapoker.net\/es-ar\/escuela\/posiciones-mesa-poker\/\">posici\u00f3n en una mesa de p\u00f3ker es fundamental<\/a>, ya que, dependiendo de d\u00f3nde te sientes, as\u00ed ser\u00e1 la cantidad de informaci\u00f3n que tendr\u00e1s sobre los dem\u00e1s jugadores hasta que sea tu turno. Por ejemplo, cuanto m\u00e1s lejos est\u00e9s del bot\u00f3n, mejores y m\u00e1s fuertes deber\u00e1n ser tus manos para poder jugar de forma rentable.<\/p>\n\n<h3 class=\"wp-block-heading\"><span class=\"ez-toc-section\" id=\"Estudia-a-tus-oponentes\"><\/span><a><\/a>Estudia a tus oponentes<span class=\"ez-toc-section-end\"><\/span><\/h3>\n\n<p>Analiza todos los movimientos de tus oponentes para poder actuar correctamente contra ellos. Podr\u00e1s entender mejor cuando uno de ellos est\u00e9 faroleando, por lo que podr\u00e1s arriesgarte y ganar una buena mano. <\/p>\n\n<h2 class=\"wp-block-heading\"><span class=\"ez-toc-section\" id=\"Conclusiones\"><\/span><a><\/a>Conclusiones<span class=\"ez-toc-section-end\"><\/span><\/h2>\n\n<p>Los <em>Cash Games<\/em> son la mejor opci\u00f3n para todos los jugadores a los que les gusta ganar dinero extra r\u00e1pido y no tienen mucho tiempo para participar en torneos. Esta opci\u00f3n se juega m\u00e1s porque se puede realizar en cualquier lugar y con cualquier persona. Aprovecha todos los consejos anteriores y obt\u00e9n ganancias con los <em>Cash Games<\/em>.  <\/p>\n\n<h2 class=\"wp-block-heading\"><span class=\"ez-toc-section\" id=\"Preguntas-relacionadas\"><\/span>Preguntas relacionadas<span class=\"ez-toc-section-end\"><\/span><\/h2>\n<div id=\"rank-math-faq\" class=\"rank-math-block\">\n<div class=\"rank-math-list \">\n<div id=\"faq-question-1672073885939\" class=\"rank-math-list-item\">\n<h3 class=\"rank-math-question \"><span class=\"ez-toc-section\" id=\"%C2%BFCuanto-gana-un-jugador-de-Cash-Games\"><\/span>\u00bfCu\u00e1nto gana un jugador de <em>Cash Games<\/em>?<span class=\"ez-toc-section-end\"><\/span><\/h3>\n<div class=\"rank-math-answer \">\n\n<p>Los jugadores de <em>Cash Games<\/em> pueden ganar grandes botes si mantienen una buena estrategia durante todo el juego. El tama\u00f1o del bote depender\u00e1 del n\u00famero de jugadores en la mesa y de la p\u00e9rdida de fichas de los oponentes. <\/p>\n\n<\/div>\n<\/div>\n<div id=\"faq-question-1672073890689\" class=\"rank-math-list-item\">\n<h3 class=\"rank-math-question \"><span class=\"ez-toc-section\" id=\"%C2%BFComo-ser-rentable-en-los-Cash-Games\"><\/span>\u00bfC\u00f3mo ser rentable en los <em>Cash Games<\/em>?<span class=\"ez-toc-section-end\"><\/span><\/h3>\n<div class=\"rank-math-answer \">\n\n<p>Puedes ganar mucho dinero con los <em>Cash Games<\/em> al elegir un <em>field<\/em> al que le ganes. Esto significa que al elegir una mesa en la que potencialmente seas el mejor jugador, tu ganancia est\u00e1 garantizada. <\/p>\n\n<\/div>\n<\/div>\n<div id=\"faq-question-1675451084571\" class=\"rank-math-list-item\">\n<h3 class=\"rank-math-question \"><span class=\"ez-toc-section\" id=\"%C2%BFCuales-son-los-mejores-juegos-para-jugar-en-las-partidas-de-poker-al-contado\"><\/span>\u00bfCu\u00e1les son los mejores juegos para jugar en las partidas de p\u00f3ker al contado?<span class=\"ez-toc-section-end\"><\/span><\/h3>\n<div class=\"rank-math-answer \">\n\n<p>Los mejores juegos para jugar en las partidas de cash son Texas Hold&#8217;em, Omaha, Seven Card Stud y Razz. Estos juegos son populares por su estructura de juego, las habilidades que requieren y la capacidad de adaptarse a distintos niveles de destreza. <\/p>\n\n<\/div>\n<\/div>\n<div id=\"faq-question-1675451090420\" class=\"rank-math-list-item\">\n<h3 class=\"rank-math-question \"><span class=\"ez-toc-section\" id=\"%C2%BFCuales-son-las-diferencias-entre-las-partidas-de-cash-y-los-torneos-de-poker\"><\/span>\u00bfCu\u00e1les son las diferencias entre las partidas de cash y los torneos de p\u00f3ker?<span class=\"ez-toc-section-end\"><\/span><\/h3>\n<div class=\"rank-math-answer \">\n\n<p>Las diferencias entre las partidas de cash y los torneos de p\u00f3ker incluyen la estructura de apuestas, el tama\u00f1o de las apuestas y la forma en que se determinan los ganadores. En los torneos, los jugadores compiten por un premio, mientras que en las partidas de dinero en met\u00e1lico, los jugadores compiten por ganar o perder dinero en cada mano. <\/p>\n\n<\/div>\n<\/div>\n<\/div>\n<\/div>","protected":false},"excerpt":{"rendered":" ","protected":false},"author":1,"featured_media":2099,"parent":0,"menu_order":0,"comment_status":"closed","ping_status":"closed","template":"","meta":{"_uag_custom_page_level_css":"","site-sidebar-layout":"right-sidebar","site-content-layout":"","ast-site-content-layout":"default","site-content-style":"default","site-sidebar-style":"default","ast-global-header-display":"","ast-banner-title-visibility":"","ast-main-header-display":"","ast-hfb-above-header-display":"","ast-hfb-below-header-display":"","ast-hfb-mobile-header-display":"","site-post-title":"","ast-breadcrumbs-content":"","ast-featured-img":"","footer-sml-layout":"","ast-disable-related-posts":"","theme-transparent-header-meta":"","adv-header-id-meta":"","stick-header-meta":"","header-above-stick-meta":"","header-main-stick-meta":"","header-below-stick-meta":"","astra-migrate-meta-layouts":"default","ast-page-background-enabled":"default","ast-page-background-meta":{"desktop":{"background-color":"var(--ast-global-color-4)","background-image":"","background-repeat":"repeat","background-position":"center center","background-size":"auto","background-attachment":"scroll","background-type":"","background-media":"","overlay-type":"","overlay-color":"","overlay-opacity":"","overlay-gradient":""},"tablet":{"background-color":"","background-image":"","background-repeat":"repeat","background-position":"center center","background-size":"auto","background-attachment":"scroll","background-type":"","background-media":"","overlay-type":"","overlay-color":"","overlay-opacity":"","overlay-gradient":""},"mobile":{"background-color":"","background-image":"","background-repeat":"repeat","background-position":"center center","background-size":"auto","background-attachment":"scroll","background-type":"","background-media":"","overlay-type":"","overlay-color":"","overlay-opacity":"","overlay-gradient":""}},"ast-content-background-meta":{"desktop":{"background-color":"var(--ast-global-color-5)","background-image":"","background-repeat":"repeat","background-position":"center center","background-size":"auto","background-attachment":"scroll","background-type":"","background-media":"","overlay-type":"","overlay-color":"","overlay-opacity":"","overlay-gradient":""},"tablet":{"background-color":"var(--ast-global-color-5)","background-image":"","background-repeat":"repeat","background-position":"center center","background-size":"auto","background-attachment":"scroll","background-type":"","background-media":"","overlay-type":"","overlay-color":"","overlay-opacity":"","overlay-gradient":""},"mobile":{"background-color":"var(--ast-global-color-5)","background-image":"","background-repeat":"repeat","background-position":"center center","background-size":"auto","background-attachment":"scroll","background-type":"","background-media":"","overlay-type":"","overlay-color":"","overlay-opacity":"","overlay-gradient":""}},"footnotes":""},"class_list":["post-2098","page","type-page","status-publish","has-post-thumbnail","hentry"],"uagb_featured_image_src":{"full":["https:\/\/academiapoker.net\/wp-content\/uploads\/que-son-los-cash-games-poker-academia.jpg",371,247,false],"thumbnail":["https:\/\/academiapoker.net\/wp-content\/uploads\/que-son-los-cash-games-poker-academia.jpg",150,100,false],"medium":["https:\/\/academiapoker.net\/wp-content\/uploads\/que-son-los-cash-games-poker-academia.jpg",300,200,false],"medium_large":["https:\/\/academiapoker.net\/wp-content\/uploads\/que-son-los-cash-games-poker-academia.jpg",371,247,false],"large":["https:\/\/academiapoker.net\/wp-content\/uploads\/que-son-los-cash-games-poker-academia.jpg",371,247,false],"1536x1536":["https:\/\/academiapoker.net\/wp-content\/uploads\/que-son-los-cash-games-poker-academia.jpg",371,247,false],"2048x2048":["https:\/\/academiapoker.net\/wp-content\/uploads\/que-son-los-cash-games-poker-academia.jpg",371,247,false]},"uagb_author_info":{"display_name":"academiapokernet","author_link":"https:\/\/academiapoker.net\/es-ar\/author\/academiapokernet\/"},"uagb_comment_info":0,"uagb_excerpt":"[&hellip;]","_links":{"self":[{"href":"https:\/\/academiapoker.net\/es-ar\/wp-json\/wp\/v2\/pages\/2098","targetHints":{"allow":["GET"]}}],"collection":[{"href":"https:\/\/academiapoker.net\/es-ar\/wp-json\/wp\/v2\/pages"}],"about":[{"href":"https:\/\/academiapoker.net\/es-ar\/wp-json\/wp\/v2\/types\/page"}],"author":[{"embeddable":true,"href":"https:\/\/academiapoker.net\/es-ar\/wp-json\/wp\/v2\/users\/1"}],"replies":[{"embeddable":true,"href":"https:\/\/academiapoker.net\/es-ar\/wp-json\/wp\/v2\/comments?post=2098"}],"version-history":[{"count":2,"href":"https:\/\/academiapoker.net\/es-ar\/wp-json\/wp\/v2\/pages\/2098\/revisions"}],"predecessor-version":[{"id":5474,"href":"https:\/\/academiapoker.net\/es-ar\/wp-json\/wp\/v2\/pages\/2098\/revisions\/5474"}],"wp:featuredmedia":[{"embeddable":true,"href":"https:\/\/academiapoker.net\/es-ar\/wp-json\/wp\/v2\/media\/2099"}],"wp:attachment":[{"href":"https:\/\/academiapoker.net\/es-ar\/wp-json\/wp\/v2\/media?parent=2098"}],"curies":[{"name":"wp","href":"https:\/\/api.w.org\/{rel}","templated":true}]}}