{"id":2058,"date":"2022-12-28T17:28:24","date_gmt":"2022-12-28T17:28:24","guid":{"rendered":"https:\/\/academiapoker.net\/aviso-legal\/"},"modified":"2023-02-04T13:04:41","modified_gmt":"2023-02-04T13:04:41","slug":"aviso-legal","status":"publish","type":"page","link":"https:\/\/academiapoker.net\/es-pe\/aviso-legal\/","title":{"rendered":"Aviso legal"},"content":{"rendered":"\n<p>Los siguientes son los t\u00e9rminos del contrato entre Usted y AcademiaPoker.net. Al acceder, navegar y\/o utilizar este sitio web, Usted admite que ha le\u00eddo, comprendido y aceptado estos t\u00e9rminos y se compromete a cumplir con las leyes y regulaciones vigentes. Si no est\u00e1 de acuerdo con estos t\u00e9rminos, no utilice este sitio web.  <\/p>\n\n\n\n<p>Este sitio web puede contener informaci\u00f3n propietaria adicional o de copyright cuyos t\u00e9rminos deben asimismo ser observados y respetados. La informaci\u00f3n en este sitio web podr\u00eda contener imprecisiones t\u00e9cnicas o errores tipogr\u00e1ficos. <\/p>\n\n\n\n<p>La informaci\u00f3n puede ser modificada o actualizada sin previo aviso. AcademiaPoker.net puede asimismo informar sobre precios de productos de marcas reconocidas en espa\u00f1a que est\u00e9n desactualizados a la hora de realizar una compra en alguna tienda. <\/p>\n\n\n\n<p>AcademiaPoker.net no asume ninguna responsabilidad en cuanto a la exactitud de la informaci\u00f3n provista, sino que tiene car\u00e1cter meramente ilustrativo y referencial, no publicitario ni contractual. Por ello, quien la utilice no podr\u00e1 tomar los datos contenidos en la misma como informaci\u00f3n cierta, objetiva, veraz o detallada, eficaz o suficiente y menos a\u00fan como una oferta. <\/p>\n\n\n\n<p>Los precios manejados en el sitio tienen efecto puramente descriptivo y aproximado, no siendo un compromiso de ninguna especie.<\/p>\n\n\n\n<p>La informaci\u00f3n, im\u00e1genes, animaciones y texturas contenidas en este sitio de Internet son propiedad de AcademiaPoker.net, quedando prohibida por tanto toda reproducci\u00f3n total o parcial de la misma sin su previa y expresa autorizaci\u00f3n. Las fotos son de car\u00e1cter ilustrativo. <\/p>\n\n\n\n<p>Si tiene problemas con el juego visite <a href=\"https:\/\/academiapoker.net\/es-pe\/juego-responsable\/\">juego responsable<\/a>.<\/p>\n\n\n\n<p>Utilizamos cookies, lea atentamente nuestra <a href=\"https:\/\/academiapoker.net\/es-pe\/politica-cookies\/\">pol\u00edticas de cookies<\/a>.<\/p>\n\n\n\n<p>Adem\u00e1s lea nuestra <a href=\"https:\/\/academiapoker.net\/es-pe\/politica-privacidad\/\">pol\u00edtica de privacidad<\/a>.<\/p>\n\n\n\n<p>En caso de que tenga alguna duda o acceda a nuestro <a href=\"https:\/\/academiapoker.net\/es-pe\/contacto\/\">contacto<\/a>.<\/p>\n","protected":false},"excerpt":{"rendered":" ","protected":false},"author":1,"featured_media":0,"parent":0,"menu_order":0,"comment_status":"closed","ping_status":"closed","template":"","meta":{"_uag_custom_page_level_css":"","site-sidebar-layout":"default","site-content-layout":"","ast-site-content-layout":"default","site-content-style":"default","site-sidebar-style":"default","ast-global-header-display":"","ast-banner-title-visibility":"","ast-main-header-display":"","ast-hfb-above-header-display":"","ast-hfb-below-header-display":"","ast-hfb-mobile-header-display":"","site-post-title":"","ast-breadcrumbs-content":"","ast-featured-img":"","footer-sml-layout":"","ast-disable-related-posts":"","theme-transparent-header-meta":"","adv-header-id-meta":"","stick-header-meta":"","header-above-stick-meta":"","header-main-stick-meta":"","header-below-stick-meta":"","astra-migrate-meta-layouts":"default","ast-page-background-enabled":"default","ast-page-background-meta":{"desktop":{"background-color":"var(--ast-global-color-4)","background-image":"","background-repeat":"repeat","background-position":"center center","background-size":"auto","background-attachment":"scroll","background-type":"","background-media":"","overlay-type":"","overlay-color":"","overlay-opacity":"","overlay-gradient":""},"tablet":{"background-color":"","background-image":"","background-repeat":"repeat","background-position":"center center","background-size":"auto","background-attachment":"scroll","background-type":"","background-media":"","overlay-type":"","overlay-color":"","overlay-opacity":"","overlay-gradient":""},"mobile":{"background-color":"","background-image":"","background-repeat":"repeat","background-position":"center center","background-size":"auto","background-attachment":"scroll","background-type":"","background-media":"","overlay-type":"","overlay-color":"","overlay-opacity":"","overlay-gradient":""}},"ast-content-background-meta":{"desktop":{"background-color":"var(--ast-global-color-5)","background-image":"","background-repeat":"repeat","background-position":"center center","background-size":"auto","background-attachment":"scroll","background-type":"","background-media":"","overlay-type":"","overlay-color":"","overlay-opacity":"","overlay-gradient":""},"tablet":{"background-color":"var(--ast-global-color-5)","background-image":"","background-repeat":"repeat","background-position":"center center","background-size":"auto","background-attachment":"scroll","background-type":"","background-media":"","overlay-type":"","overlay-color":"","overlay-opacity":"","overlay-gradient":""},"mobile":{"background-color":"var(--ast-global-color-5)","background-image":"","background-repeat":"repeat","background-position":"center center","background-size":"auto","background-attachment":"scroll","background-type":"","background-media":"","overlay-type":"","overlay-color":"","overlay-opacity":"","overlay-gradient":""}},"footnotes":""},"class_list":["post-2058","page","type-page","status-publish","hentry"],"uagb_featured_image_src":{"full":false,"thumbnail":false,"medium":false,"medium_large":false,"large":false,"1536x1536":false,"2048x2048":false},"uagb_author_info":{"display_name":"academiapokernet","author_link":"https:\/\/academiapoker.net\/es-pe\/author\/academiapokernet\/"},"uagb_comment_info":0,"uagb_excerpt":"[&hellip;]","_links":{"self":[{"href":"https:\/\/academiapoker.net\/es-pe\/wp-json\/wp\/v2\/pages\/2058","targetHints":{"allow":["GET"]}}],"collection":[{"href":"https:\/\/academiapoker.net\/es-pe\/wp-json\/wp\/v2\/pages"}],"about":[{"href":"https:\/\/academiapoker.net\/es-pe\/wp-json\/wp\/v2\/types\/page"}],"author":[{"embeddable":true,"href":"https:\/\/academiapoker.net\/es-pe\/wp-json\/wp\/v2\/users\/1"}],"replies":[{"embeddable":true,"href":"https:\/\/academiapoker.net\/es-pe\/wp-json\/wp\/v2\/comments?post=2058"}],"version-history":[{"count":2,"href":"https:\/\/academiapoker.net\/es-pe\/wp-json\/wp\/v2\/pages\/2058\/revisions"}],"predecessor-version":[{"id":5718,"href":"https:\/\/academiapoker.net\/es-pe\/wp-json\/wp\/v2\/pages\/2058\/revisions\/5718"}],"wp:attachment":[{"href":"https:\/\/academiapoker.net\/es-pe\/wp-json\/wp\/v2\/media?parent=2058"}],"curies":[{"name":"wp","href":"https:\/\/api.w.org\/{rel}","templated":true}]}}