{"id":2080,"date":"2022-12-28T17:19:27","date_gmt":"2022-12-28T17:19:27","guid":{"rendered":"https:\/\/academiapoker.net\/juego-responsable\/"},"modified":"2023-02-04T13:04:51","modified_gmt":"2023-02-04T13:04:51","slug":"juego-responsable","status":"publish","type":"page","link":"https:\/\/academiapoker.net\/es-pe\/juego-responsable\/","title":{"rendered":"Juego responsable"},"content":{"rendered":"\n<p>AcademiaPoker.net quiere que te diviertas mientras apuestas en su casino. Por lo tanto, si sientes que enfrentas problemas con las apuestas que te est\u00e1n provocando inconvenientes, por favor, contin\u00faa leyendo. <\/p>\n\n\n\n<h2 class=\"wp-block-heading\">Juegos menores de edad<\/h2>\n\n\n\n<p>Apuestas de menores de edad Las personas que no han alcanzado los 18 a\u00f1os de edad no se les permiten crear una cuenta en nuestro sitio web. Para evitar que esto ocurra, habitualmente realizamos controles de seguridad. Adem\u00e1s, el casino se reserva el derecho de solicitar la confirmaci\u00f3n de edad. Para evitar que tus hijos creen una cuenta en nuestro sitio web, utiliza aplicaciones especiales de control parental y mant\u00e9n protegida toda la informaci\u00f3n de tu cuenta de juego y de tu tarjeta de cr\u00e9dito. Si te enteras que alguien que no ha cumplido los 18 a\u00f1os de edad est\u00e1 jugando en nuestro casino, por favor, inf\u00f3rmale a nuestro equipo de asistencia.    <\/p>\n\n\n\n<h2 class=\"wp-block-heading\">\u00bfC\u00f3mo podemos ayudar?<\/h2>\n\n\n\n<p>Por favor, responde las siguientes preguntas:<\/p>\n\n\n\n<ul class=\"wp-block-list\">\n<li>\u00bfLas apuestas interfieren en tu rutina diaria?<\/li>\n\n\n\n<li>\u00bfSigues apostando si gastas m\u00e1s de lo que esperabas?<\/li>\n\n\n\n<li>\u00bfHaces apuestas despu\u00e9s de consumir drogas o alcohol?<\/li>\n\n\n\n<li>\u00bfApuestas para escapar de los problemas de tu vida que no puedes manejar por tu cuenta?<\/li>\n<\/ul>\n\n\n\n<p>Si tu respuesta es \u00abS\u00ed\u00bb a al menos una de estas preguntas, considera evaluar la frecuencia de tus apuestas. Nos tomamos muy en serio los problemas de juego y te recomendamos que establezcas l\u00edmites para controlar tu actividad en las apuestas. Puedes cambiar o eliminar tus l\u00edmites. El cambio se llevar\u00e1 a cabo autom\u00e1ticamente tras un per\u00edodo de 24 horas. Si deseas disminuir tu l\u00edmite, el cambio se lleva a cabo de inmediato. Dir\u00edgete a la p\u00e1gina de \u00abAjustes\u00bb en tu perfil para establecer los siguientes l\u00edmites:     <\/p>\n\n\n\n<ul class=\"wp-block-list\">\n<li>L\u00edmite de dep\u00f3sito<\/li>\n<\/ul>\n\n\n\n<p>Al establecer el l\u00edmite de dep\u00f3sito, no podr\u00e1s depositar m\u00e1s del monto establecido. Puedes configurar el l\u00edmite de dep\u00f3sito de forma diaria, semanal o mensual. <\/p>\n\n\n\n<ul class=\"wp-block-list\">\n<li>L\u00edmite de p\u00e9rdida<\/li>\n<\/ul>\n\n\n\n<p>Al establecer el l\u00edmite de p\u00e9rdida, no puedes perder m\u00e1s del monto que determinaste. Puedes configurar el l\u00edmite de p\u00e9rdida de forma diaria, semanal o mensual. Cuando se acaba el dinero de acuerdo con tu l\u00edmite, no podr\u00e1s jugar por dinero en un per\u00edodo establecido.  <\/p>\n\n\n\n<ul class=\"wp-block-list\">\n<li>L\u00edmite de sesi\u00f3n<\/li>\n<\/ul>\n\n\n\n<p>Puedes establecer el tiempo l\u00edmite para tu sesi\u00f3n de juego. El tiempo comenzar\u00e1 desde el momento en que inicies sesi\u00f3n en el sitio. Cuando el per\u00edodo de tiempo expire, recibir\u00e1s un recordatorio indicando que se ha alcanzado el l\u00edmite de sesi\u00f3n con una opci\u00f3n de cerrar sesi\u00f3n o continuar jugando.  <\/p>\n\n\n\n<ul class=\"wp-block-list\">\n<li>Per\u00edodo de distanciamiento<\/li>\n<\/ul>\n\n\n\n<p>Puedes ajustar el per\u00edodo de autoexclusi\u00f3n de su cuenta. Durante este per\u00edodo, no puede realizar dep\u00f3sitos ni jugar por dinero. <\/p>\n\n\n\n<ul class=\"wp-block-list\">\n<li>L\u00edmite de apuesta<\/li>\n<\/ul>\n\n\n\n<p>Establece un l\u00edmite en la cantidad de dinero que puedes apostar durante un per\u00edodo de tiempo determinado. Cuando se llegue al l\u00edmite, recibir\u00e1s un mensaje indicando que se ha alcanzado tu l\u00edmite de apuesta, por lo que no podr\u00e1s realizar m\u00e1s apuestas. <\/p>\n\n\n\n<ul class=\"wp-block-list\">\n<li>Per\u00edodo de autoexclusi\u00f3n<\/li>\n<\/ul>\n\n\n\n<p>Aqu\u00ed puedes establecer el per\u00edodo de autoexclusi\u00f3n para tu cuenta de jugador. El ajuste se aplica de inmediato. Durante el per\u00edodo de autoexclusi\u00f3n, no habr\u00e1 forma de acceder a tu cuenta. Tampoco puedes editar el per\u00edodo de autoexclusi\u00f3n.   <\/p>\n\n\n\n<h2 class=\"wp-block-heading\">\u00bfC\u00f3mo evitar la adicci\u00f3n a las apuestas?<\/h2>\n\n\n\n<p>Las apuestas deben permanecer como una entretenci\u00f3n sin convertirse en una adicci\u00f3n. Si tienes que eres incapaz de controlar tu conducta de apostar, lee los siguientes puntos: <\/p>\n\n\n\n<ul class=\"wp-block-list\">\n<li>Las apuestas son una entretenci\u00f3n. No consideres que son una forma de ganar dinero; <\/li>\n\n\n\n<li>Evita tratar de \u201crecuperar\u201d tus p\u00e9rdidas.<\/li>\n\n\n\n<li>Determina el tiempo y el monto de dinero que puedes gastar para apostar. Respeta estos l\u00edmites; <\/li>\n\n\n\n<li>No consigas dinero para apostar;<\/li>\n\n\n\n<li>No dudes en pedir ayuda si sientes que no puedes controlar el tiempo de juego;<\/li>\n\n\n\n<li>Trata de llevar una vida social active, pasar m\u00e1s tiempo con tu familia y buscar otros pasatiempos.<\/li>\n<\/ul>\n\n\n\n<p>Si sientes que no puedes controlar tus actividades de apuestas, pide ayuda. A continuaci\u00f3n, mencionamos una lista de organizaciones que te brindar\u00e1n la ayuda y asistencia necesaria: <\/p>\n\n\n\n<ul class=\"wp-block-list\">\n<li><a href=\"http:\/\/www.gamcare.org.uk\/\" target=\"_blank\" rel=\"noreferrer noopener nofollow\">GamCare<\/a><\/li>\n\n\n\n<li><a href=\"http:\/\/www.gamblingtherapy.org\/\" target=\"_blank\" rel=\"noreferrer noopener nofollow\">Gambling Therapy<\/a><\/li>\n\n\n\n<li><a href=\"http:\/\/www.gamblersanonymous.org.uk\/\" target=\"_blank\" rel=\"noreferrer noopener nofollow\">Gamblers Anonymous<\/a><\/li>\n<\/ul>\n","protected":false},"excerpt":{"rendered":" ","protected":false},"author":1,"featured_media":0,"parent":0,"menu_order":0,"comment_status":"closed","ping_status":"closed","template":"","meta":{"_uag_custom_page_level_css":"","site-sidebar-layout":"default","site-content-layout":"","ast-site-content-layout":"default","site-content-style":"default","site-sidebar-style":"default","ast-global-header-display":"","ast-banner-title-visibility":"","ast-main-header-display":"","ast-hfb-above-header-display":"","ast-hfb-below-header-display":"","ast-hfb-mobile-header-display":"","site-post-title":"","ast-breadcrumbs-content":"","ast-featured-img":"","footer-sml-layout":"","ast-disable-related-posts":"","theme-transparent-header-meta":"","adv-header-id-meta":"","stick-header-meta":"","header-above-stick-meta":"","header-main-stick-meta":"","header-below-stick-meta":"","astra-migrate-meta-layouts":"default","ast-page-background-enabled":"default","ast-page-background-meta":{"desktop":{"background-color":"var(--ast-global-color-4)","background-image":"","background-repeat":"repeat","background-position":"center center","background-size":"auto","background-attachment":"scroll","background-type":"","background-media":"","overlay-type":"","overlay-color":"","overlay-opacity":"","overlay-gradient":""},"tablet":{"background-color":"","background-image":"","background-repeat":"repeat","background-position":"center center","background-size":"auto","background-attachment":"scroll","background-type":"","background-media":"","overlay-type":"","overlay-color":"","overlay-opacity":"","overlay-gradient":""},"mobile":{"background-color":"","background-image":"","background-repeat":"repeat","background-position":"center center","background-size":"auto","background-attachment":"scroll","background-type":"","background-media":"","overlay-type":"","overlay-color":"","overlay-opacity":"","overlay-gradient":""}},"ast-content-background-meta":{"desktop":{"background-color":"var(--ast-global-color-5)","background-image":"","background-repeat":"repeat","background-position":"center center","background-size":"auto","background-attachment":"scroll","background-type":"","background-media":"","overlay-type":"","overlay-color":"","overlay-opacity":"","overlay-gradient":""},"tablet":{"background-color":"var(--ast-global-color-5)","background-image":"","background-repeat":"repeat","background-position":"center center","background-size":"auto","background-attachment":"scroll","background-type":"","background-media":"","overlay-type":"","overlay-color":"","overlay-opacity":"","overlay-gradient":""},"mobile":{"background-color":"var(--ast-global-color-5)","background-image":"","background-repeat":"repeat","background-position":"center center","background-size":"auto","background-attachment":"scroll","background-type":"","background-media":"","overlay-type":"","overlay-color":"","overlay-opacity":"","overlay-gradient":""}},"footnotes":""},"class_list":["post-2080","page","type-page","status-publish","hentry"],"uagb_featured_image_src":{"full":false,"thumbnail":false,"medium":false,"medium_large":false,"large":false,"1536x1536":false,"2048x2048":false},"uagb_author_info":{"display_name":"academiapokernet","author_link":"https:\/\/academiapoker.net\/es-pe\/author\/academiapokernet\/"},"uagb_comment_info":0,"uagb_excerpt":"[&hellip;]","_links":{"self":[{"href":"https:\/\/academiapoker.net\/es-pe\/wp-json\/wp\/v2\/pages\/2080","targetHints":{"allow":["GET"]}}],"collection":[{"href":"https:\/\/academiapoker.net\/es-pe\/wp-json\/wp\/v2\/pages"}],"about":[{"href":"https:\/\/academiapoker.net\/es-pe\/wp-json\/wp\/v2\/types\/page"}],"author":[{"embeddable":true,"href":"https:\/\/academiapoker.net\/es-pe\/wp-json\/wp\/v2\/users\/1"}],"replies":[{"embeddable":true,"href":"https:\/\/academiapoker.net\/es-pe\/wp-json\/wp\/v2\/comments?post=2080"}],"version-history":[{"count":2,"href":"https:\/\/academiapoker.net\/es-pe\/wp-json\/wp\/v2\/pages\/2080\/revisions"}],"predecessor-version":[{"id":5719,"href":"https:\/\/academiapoker.net\/es-pe\/wp-json\/wp\/v2\/pages\/2080\/revisions\/5719"}],"wp:attachment":[{"href":"https:\/\/academiapoker.net\/es-pe\/wp-json\/wp\/v2\/media?parent=2080"}],"curies":[{"name":"wp","href":"https:\/\/api.w.org\/{rel}","templated":true}]}}