{"id":2062,"date":"2022-12-28T17:28:24","date_gmt":"2022-12-28T17:28:24","guid":{"rendered":"https:\/\/academiapoker.net\/aviso-legal\/"},"modified":"2023-02-04T13:01:26","modified_gmt":"2023-02-04T13:01:26","slug":"aviso-legal","status":"publish","type":"page","link":"https:\/\/academiapoker.net\/pt-br\/aviso-legal\/","title":{"rendered":"Aviso legal"},"content":{"rendered":"\n<p>Os termos do acordo entre Voc\u00ea e AcademiaPoker.net s\u00e3o os seguintes. Ao acessar, navegar e\/ou usar este Website, Voc\u00ea reconhece que leu, entendeu e concorda em estar obrigado por estes termos e concorda em cumprir com todas as leis e regulamentos aplic\u00e1veis. Se Voc\u00ea n\u00e3o concordar com estes termos, n\u00e3o utilize este Website.  <\/p>\n\n\n\n<p>Este website pode conter informa\u00e7\u00f5es adicionais de propriedade ou direitos autorais, cujos termos tamb\u00e9m devem ser observados e seguidos. As informa\u00e7\u00f5es neste site podem conter imprecis\u00f5es t\u00e9cnicas ou erros tipogr\u00e1ficos. <\/p>\n\n\n\n<p>As informa\u00e7\u00f5es podem ser alteradas ou atualizadas sem aviso pr\u00e9vio. AcademiaPoker.net tamb\u00e9m pode informar sobre pre\u00e7os de produtos de marcas conhecidas na Espanha que est\u00e3o desatualizados quando se faz uma compra em uma loja. <\/p>\n\n\n\n<p>AcademiaPoker.net n\u00e3o assume nenhuma responsabilidade pela precis\u00e3o das informa\u00e7\u00f5es fornecidas, mas \u00e9 meramente ilustrativa e referencial, n\u00e3o publicit\u00e1ria ou contratual. Portanto, quem quer que os utilize n\u00e3o pode tomar os dados neles contidos como informa\u00e7\u00e3o verdadeira, objetiva, verdadeira ou detalhada, efetiva ou suficiente e menos ainda como uma oferta. <\/p>\n\n\n\n<p>Os pre\u00e7os mostrados no site s\u00e3o puramente descritivos e aproximados e n\u00e3o s\u00e3o um compromisso de qualquer tipo.<\/p>\n\n\n\n<p>As informa\u00e7\u00f5es, imagens, anima\u00e7\u00f5es e texturas contidas neste site s\u00e3o de propriedade da AcademiaPoker.net, portanto qualquer reprodu\u00e7\u00e3o total ou parcial das mesmas \u00e9 proibida sem sua autoriza\u00e7\u00e3o pr\u00e9via e expressa. As fotos s\u00e3o apenas para fins ilustrativos. <\/p>\n\n\n\n<p>Se voc\u00ea tiver um problema com o jogo, visite o <a href=\"https:\/\/academiapoker.net\/pt-br\/jogo-responsavel\/\">jogo respons\u00e1vel<\/a>.<\/p>\n\n\n\n<p>Usamos cookies, por favor, leia atentamente nossa <a href=\"https:\/\/academiapoker.net\/pt-br\/politica-cookies\/\">pol\u00edtica de cookies<\/a>.<\/p>\n\n\n\n<p>Por favor, leia tamb\u00e9m nossa <a href=\"https:\/\/academiapoker.net\/pt-br\/politica-privacidade\/\">pol\u00edtica de privacidade<\/a>.<\/p>\n\n\n\n<p>Caso voc\u00ea tenha alguma d\u00favida ou entre em <a href=\"https:\/\/academiapoker.net\/pt-br\/contato\/\">contato<\/a> conosco.<\/p>\n","protected":false},"excerpt":{"rendered":" ","protected":false},"author":1,"featured_media":0,"parent":0,"menu_order":0,"comment_status":"closed","ping_status":"closed","template":"","meta":{"_uag_custom_page_level_css":"","site-sidebar-layout":"default","site-content-layout":"","ast-site-content-layout":"default","site-content-style":"default","site-sidebar-style":"default","ast-global-header-display":"","ast-banner-title-visibility":"","ast-main-header-display":"","ast-hfb-above-header-display":"","ast-hfb-below-header-display":"","ast-hfb-mobile-header-display":"","site-post-title":"","ast-breadcrumbs-content":"","ast-featured-img":"","footer-sml-layout":"","ast-disable-related-posts":"","theme-transparent-header-meta":"","adv-header-id-meta":"","stick-header-meta":"","header-above-stick-meta":"","header-main-stick-meta":"","header-below-stick-meta":"","astra-migrate-meta-layouts":"default","ast-page-background-enabled":"default","ast-page-background-meta":{"desktop":{"background-color":"var(--ast-global-color-4)","background-image":"","background-repeat":"repeat","background-position":"center center","background-size":"auto","background-attachment":"scroll","background-type":"","background-media":"","overlay-type":"","overlay-color":"","overlay-opacity":"","overlay-gradient":""},"tablet":{"background-color":"","background-image":"","background-repeat":"repeat","background-position":"center center","background-size":"auto","background-attachment":"scroll","background-type":"","background-media":"","overlay-type":"","overlay-color":"","overlay-opacity":"","overlay-gradient":""},"mobile":{"background-color":"","background-image":"","background-repeat":"repeat","background-position":"center center","background-size":"auto","background-attachment":"scroll","background-type":"","background-media":"","overlay-type":"","overlay-color":"","overlay-opacity":"","overlay-gradient":""}},"ast-content-background-meta":{"desktop":{"background-color":"var(--ast-global-color-5)","background-image":"","background-repeat":"repeat","background-position":"center center","background-size":"auto","background-attachment":"scroll","background-type":"","background-media":"","overlay-type":"","overlay-color":"","overlay-opacity":"","overlay-gradient":""},"tablet":{"background-color":"var(--ast-global-color-5)","background-image":"","background-repeat":"repeat","background-position":"center center","background-size":"auto","background-attachment":"scroll","background-type":"","background-media":"","overlay-type":"","overlay-color":"","overlay-opacity":"","overlay-gradient":""},"mobile":{"background-color":"var(--ast-global-color-5)","background-image":"","background-repeat":"repeat","background-position":"center center","background-size":"auto","background-attachment":"scroll","background-type":"","background-media":"","overlay-type":"","overlay-color":"","overlay-opacity":"","overlay-gradient":""}},"footnotes":""},"class_list":["post-2062","page","type-page","status-publish","hentry"],"uagb_featured_image_src":{"full":false,"thumbnail":false,"medium":false,"medium_large":false,"large":false,"1536x1536":false,"2048x2048":false},"uagb_author_info":{"display_name":"academiapokernet","author_link":"https:\/\/academiapoker.net\/pt-br\/author\/academiapokernet\/"},"uagb_comment_info":0,"uagb_excerpt":"[&hellip;]","_links":{"self":[{"href":"https:\/\/academiapoker.net\/pt-br\/wp-json\/wp\/v2\/pages\/2062","targetHints":{"allow":["GET"]}}],"collection":[{"href":"https:\/\/academiapoker.net\/pt-br\/wp-json\/wp\/v2\/pages"}],"about":[{"href":"https:\/\/academiapoker.net\/pt-br\/wp-json\/wp\/v2\/types\/page"}],"author":[{"embeddable":true,"href":"https:\/\/academiapoker.net\/pt-br\/wp-json\/wp\/v2\/users\/1"}],"replies":[{"embeddable":true,"href":"https:\/\/academiapoker.net\/pt-br\/wp-json\/wp\/v2\/comments?post=2062"}],"version-history":[{"count":2,"href":"https:\/\/academiapoker.net\/pt-br\/wp-json\/wp\/v2\/pages\/2062\/revisions"}],"predecessor-version":[{"id":5707,"href":"https:\/\/academiapoker.net\/pt-br\/wp-json\/wp\/v2\/pages\/2062\/revisions\/5707"}],"wp:attachment":[{"href":"https:\/\/academiapoker.net\/pt-br\/wp-json\/wp\/v2\/media?parent=2062"}],"curies":[{"name":"wp","href":"https:\/\/api.w.org\/{rel}","templated":true}]}}