{"id":2072,"date":"2022-12-28T17:38:33","date_gmt":"2022-12-28T17:38:33","guid":{"rendered":"https:\/\/academiapoker.net\/contato\/"},"modified":"2023-02-04T13:01:48","modified_gmt":"2023-02-04T13:01:48","slug":"contato","status":"publish","type":"page","link":"https:\/\/academiapoker.net\/pt-br\/contato\/","title":{"rendered":"Contato"},"content":{"rendered":"\n<p>E-mail: admin @ academiapoker.net<\/p>\n\n\n\n<p>Para maiores informa\u00e7\u00f5es sobre nosso website, visite nossas pol\u00edticas:<\/p>\n\n\n\n<ul class=\"wp-block-list\">\n<li><a href=\"https:\/\/academiapoker.net\/pt-br\/aviso-legal\/\">Aviso legal<\/a><\/li>\n\n\n\n<li><a href=\"https:\/\/academiapoker.net\/pt-br\/politica-privacidade\/\">Pol\u00edtica de privacidade<\/a><\/li>\n\n\n\n<li><a href=\"https:\/\/academiapoker.net\/pt-br\/politica-cookies\/\">Pol\u00edtica de cookies<\/a><\/li>\n\n\n\n<li><a href=\"https:\/\/academiapoker.net\/pt-br\/jogo-responsavel\/\">Jogo respons\u00e1vel<\/a><\/li>\n<\/ul>\n","protected":false},"excerpt":{"rendered":" ","protected":false},"author":1,"featured_media":0,"parent":0,"menu_order":0,"comment_status":"closed","ping_status":"closed","template":"","meta":{"_uag_custom_page_level_css":"","site-sidebar-layout":"default","site-content-layout":"","ast-site-content-layout":"default","site-content-style":"default","site-sidebar-style":"default","ast-global-header-display":"","ast-banner-title-visibility":"","ast-main-header-display":"","ast-hfb-above-header-display":"","ast-hfb-below-header-display":"","ast-hfb-mobile-header-display":"","site-post-title":"","ast-breadcrumbs-content":"","ast-featured-img":"","footer-sml-layout":"","ast-disable-related-posts":"","theme-transparent-header-meta":"","adv-header-id-meta":"","stick-header-meta":"","header-above-stick-meta":"","header-main-stick-meta":"","header-below-stick-meta":"","astra-migrate-meta-layouts":"default","ast-page-background-enabled":"default","ast-page-background-meta":{"desktop":{"background-color":"var(--ast-global-color-4)","background-image":"","background-repeat":"repeat","background-position":"center center","background-size":"auto","background-attachment":"scroll","background-type":"","background-media":"","overlay-type":"","overlay-color":"","overlay-opacity":"","overlay-gradient":""},"tablet":{"background-color":"","background-image":"","background-repeat":"repeat","background-position":"center center","background-size":"auto","background-attachment":"scroll","background-type":"","background-media":"","overlay-type":"","overlay-color":"","overlay-opacity":"","overlay-gradient":""},"mobile":{"background-color":"","background-image":"","background-repeat":"repeat","background-position":"center center","background-size":"auto","background-attachment":"scroll","background-type":"","background-media":"","overlay-type":"","overlay-color":"","overlay-opacity":"","overlay-gradient":""}},"ast-content-background-meta":{"desktop":{"background-color":"var(--ast-global-color-5)","background-image":"","background-repeat":"repeat","background-position":"center center","background-size":"auto","background-attachment":"scroll","background-type":"","background-media":"","overlay-type":"","overlay-color":"","overlay-opacity":"","overlay-gradient":""},"tablet":{"background-color":"var(--ast-global-color-5)","background-image":"","background-repeat":"repeat","background-position":"center center","background-size":"auto","background-attachment":"scroll","background-type":"","background-media":"","overlay-type":"","overlay-color":"","overlay-opacity":"","overlay-gradient":""},"mobile":{"background-color":"var(--ast-global-color-5)","background-image":"","background-repeat":"repeat","background-position":"center center","background-size":"auto","background-attachment":"scroll","background-type":"","background-media":"","overlay-type":"","overlay-color":"","overlay-opacity":"","overlay-gradient":""}},"footnotes":""},"class_list":["post-2072","page","type-page","status-publish","hentry"],"uagb_featured_image_src":{"full":false,"thumbnail":false,"medium":false,"medium_large":false,"large":false,"1536x1536":false,"2048x2048":false},"uagb_author_info":{"display_name":"academiapokernet","author_link":"https:\/\/academiapoker.net\/pt-br\/author\/academiapokernet\/"},"uagb_comment_info":0,"uagb_excerpt":"[&hellip;]","_links":{"self":[{"href":"https:\/\/academiapoker.net\/pt-br\/wp-json\/wp\/v2\/pages\/2072","targetHints":{"allow":["GET"]}}],"collection":[{"href":"https:\/\/academiapoker.net\/pt-br\/wp-json\/wp\/v2\/pages"}],"about":[{"href":"https:\/\/academiapoker.net\/pt-br\/wp-json\/wp\/v2\/types\/page"}],"author":[{"embeddable":true,"href":"https:\/\/academiapoker.net\/pt-br\/wp-json\/wp\/v2\/users\/1"}],"replies":[{"embeddable":true,"href":"https:\/\/academiapoker.net\/pt-br\/wp-json\/wp\/v2\/comments?post=2072"}],"version-history":[{"count":2,"href":"https:\/\/academiapoker.net\/pt-br\/wp-json\/wp\/v2\/pages\/2072\/revisions"}],"predecessor-version":[{"id":5709,"href":"https:\/\/academiapoker.net\/pt-br\/wp-json\/wp\/v2\/pages\/2072\/revisions\/5709"}],"wp:attachment":[{"href":"https:\/\/academiapoker.net\/pt-br\/wp-json\/wp\/v2\/media?parent=2072"}],"curies":[{"name":"wp","href":"https:\/\/api.w.org\/{rel}","templated":true}]}}