{"id":2122,"date":"2022-12-28T17:19:27","date_gmt":"2022-12-28T17:19:27","guid":{"rendered":"https:\/\/academiapoker.net\/jogo-responsavel\/"},"modified":"2023-02-04T12:58:58","modified_gmt":"2023-02-04T12:58:58","slug":"jogo-responsavel","status":"publish","type":"page","link":"https:\/\/academiapoker.net\/pt-br\/jogo-responsavel\/","title":{"rendered":"Jogo respons\u00e1vel"},"content":{"rendered":"\n<p>AcademiaPoker.net quer que voc\u00ea se divirta enquanto joga em seu cassino. Portanto, se voc\u00ea sente que est\u00e1 enfrentando problemas de apostas que est\u00e3o lhe causando inconvenientes, por favor, continue lendo. <\/p>\n\n\n\n<h2 class=\"wp-block-heading\">Jogos para menores de idade<\/h2>\n\n\n\n<p>Menores de 18 anos de idade n\u00e3o t\u00eam permiss\u00e3o para criar uma conta em nosso site. Para evitar que isso aconte\u00e7a, realizamos controles de seguran\u00e7a de forma rotineira. Al\u00e9m disso, o cassino se reserva o direito de solicitar confirma\u00e7\u00e3o de idade. Para evitar que seus filhos criem uma conta em nosso site, use aplica\u00e7\u00f5es especiais de controle dos pais e mantenha todas as informa\u00e7\u00f5es de sua conta de jogo e cart\u00e3o de cr\u00e9dito seguras. Se voc\u00ea souber que algu\u00e9m com menos de 18 anos est\u00e1 jogando em nosso cassino, por favor, informe nossa equipe de suporte.    <\/p>\n\n\n\n<h2 class=\"wp-block-heading\">Como podemos ajudar?<\/h2>\n\n\n\n<p>Por favor, responda as seguintes perguntas:<\/p>\n\n\n\n<ul class=\"wp-block-list\">\n<li>O jogo interfere em sua rotina di\u00e1ria?<\/li>\n\n\n\n<li>Voc\u00ea ainda joga se gastar mais do que esperava?<\/li>\n\n\n\n<li>Voc\u00ea joga depois de usar drogas ou \u00e1lcool?<\/li>\n\n\n\n<li>Jogar para escapar dos problemas de sua vida que voc\u00ea n\u00e3o consegue resolver sozinho?<\/li>\n<\/ul>\n\n\n\n<p>Se voc\u00ea respondeu &#8220;Sim&#8221; a pelo menos uma destas perguntas, considere avaliar sua freq\u00fc\u00eancia de apostas. Levamos o jogo problem\u00e1tico a s\u00e9rio e recomendamos que voc\u00ea estabele\u00e7a limites para controlar sua atividade de jogo. Voc\u00ea pode mudar ou remover seus limites. A mudan\u00e7a ocorrer\u00e1 automaticamente ap\u00f3s um per\u00edodo de 24 horas. Se voc\u00ea deseja diminuir seu limite, a mudan\u00e7a ocorrer\u00e1 imediatamente. V\u00e1 para a p\u00e1gina &#8220;Configura\u00e7\u00f5es&#8221; em seu perfil para definir os seguintes limites:     <\/p>\n\n\n\n<ul class=\"wp-block-list\">\n<li>Limite de dep\u00f3sito<\/li>\n<\/ul>\n\n\n\n<p>Ao estabelecer o limite de dep\u00f3sito, voc\u00ea n\u00e3o poder\u00e1 depositar mais do que o valor estabelecido. Voc\u00ea pode definir o limite de dep\u00f3sito em base di\u00e1ria, semanal ou mensal. <\/p>\n\n\n\n<ul class=\"wp-block-list\">\n<li>Limite de perdas<\/li>\n<\/ul>\n\n\n\n<p>Ao estabelecer o limite de perda, voc\u00ea n\u00e3o pode perder mais do que a quantia estabelecida. Voc\u00ea pode definir o limite de perdas em uma base di\u00e1ria, semanal ou mensal. Quando voc\u00ea ficar sem dinheiro de acordo com seu limite, voc\u00ea n\u00e3o poder\u00e1 jogar por dinheiro dentro de um per\u00edodo definido.  <\/p>\n\n\n\n<ul class=\"wp-block-list\">\n<li>Limite de sess\u00e3o<\/li>\n<\/ul>\n\n\n\n<p>Voc\u00ea pode definir um limite de tempo para sua sess\u00e3o de jogo. O tempo come\u00e7ar\u00e1 a partir do momento em que voc\u00ea fizer o login no site. Quando o per\u00edodo de tempo expirar, voc\u00ea receber\u00e1 um lembrete de que o limite da sess\u00e3o foi atingido com a op\u00e7\u00e3o de encerrar a sess\u00e3o ou continuar jogando.  <\/p>\n\n\n\n<ul class=\"wp-block-list\">\n<li>Per\u00edodo de desengajamento<\/li>\n<\/ul>\n\n\n\n<p>Voc\u00ea pode ajustar o per\u00edodo de auto-exclus\u00e3o de sua conta. Durante este per\u00edodo, voc\u00ea n\u00e3o pode fazer dep\u00f3sitos ou jogar por dinheiro. <\/p>\n\n\n\n<ul class=\"wp-block-list\">\n<li>Limite de apostas<\/li>\n<\/ul>\n\n\n\n<p>Estabele\u00e7a um limite para a quantidade de dinheiro que voc\u00ea pode apostar durante um determinado per\u00edodo de tempo. Quando o limite for atingido, voc\u00ea receber\u00e1 uma mensagem de que seu limite de apostas foi atingido e n\u00e3o poder\u00e1 fazer mais nenhuma aposta. <\/p>\n\n\n\n<ul class=\"wp-block-list\">\n<li>Per\u00edodo de auto-exclus\u00e3o<\/li>\n<\/ul>\n\n\n\n<p>Aqui voc\u00ea pode definir o per\u00edodo de auto-exclus\u00e3o para sua conta de jogador. O ajuste se aplica imediatamente. Durante o per\u00edodo de auto-exclus\u00e3o, n\u00e3o haver\u00e1 como acessar sua conta. Voc\u00ea tamb\u00e9m n\u00e3o pode editar o per\u00edodo de auto-exclus\u00e3o.   <\/p>\n\n\n\n<h2 class=\"wp-block-heading\">Como evitar o v\u00edcio do jogo?<\/h2>\n\n\n\n<p>O jogo deve continuar sendo um entretenimento sem se tornar um v\u00edcio. Se voc\u00ea achar que n\u00e3o consegue controlar seu comportamento no jogo, leia os seguintes pontos: <\/p>\n\n\n\n<ul class=\"wp-block-list\">\n<li>O jogo \u00e9 uma forma de entretenimento. N\u00e3o pense nisso como uma forma de ganhar dinheiro; <\/li>\n\n\n\n<li>Evite tentar &#8220;recuperar&#8221; suas perdas.<\/li>\n\n\n\n<li>Determine o tempo e a quantia de dinheiro que voc\u00ea pode gastar em jogos de azar. Respeite estes limites; <\/li>\n\n\n\n<li>N\u00e3o ganhe dinheiro para apostar;<\/li>\n\n\n\n<li>N\u00e3o hesite em pedir ajuda se voc\u00ea sentir que n\u00e3o pode controlar seu tempo de jogo;<\/li>\n\n\n\n<li>Tente levar uma vida social ativa, passar mais tempo com sua fam\u00edlia e buscar outros passatempos.<\/li>\n<\/ul>\n\n\n\n<p>Se voc\u00ea sente que n\u00e3o pode controlar suas atividades de jogo, pe\u00e7a ajuda. Abaixo est\u00e1 uma lista de organiza\u00e7\u00f5es que lhe dar\u00e3o a ajuda e a assist\u00eancia de que voc\u00ea precisa: <\/p>\n\n\n\n<ul class=\"wp-block-list\">\n<li><a href=\"http:\/\/www.gamcare.org.uk\/\" target=\"_blank\" rel=\"noreferrer noopener nofollow\">GamCare<\/a><\/li>\n\n\n\n<li><a href=\"http:\/\/www.gamblingtherapy.org\/\" target=\"_blank\" rel=\"noreferrer noopener nofollow\">Gambling Therapy<\/a><\/li>\n\n\n\n<li><a href=\"http:\/\/www.gamblersanonymous.org.uk\/\" target=\"_blank\" rel=\"noreferrer noopener nofollow\">Gamblers Anonymous<\/a><\/li>\n<\/ul>\n","protected":false},"excerpt":{"rendered":" ","protected":false},"author":1,"featured_media":0,"parent":0,"menu_order":0,"comment_status":"closed","ping_status":"closed","template":"","meta":{"_uag_custom_page_level_css":"","site-sidebar-layout":"default","site-content-layout":"","ast-site-content-layout":"default","site-content-style":"default","site-sidebar-style":"default","ast-global-header-display":"","ast-banner-title-visibility":"","ast-main-header-display":"","ast-hfb-above-header-display":"","ast-hfb-below-header-display":"","ast-hfb-mobile-header-display":"","site-post-title":"","ast-breadcrumbs-content":"","ast-featured-img":"","footer-sml-layout":"","ast-disable-related-posts":"","theme-transparent-header-meta":"","adv-header-id-meta":"","stick-header-meta":"","header-above-stick-meta":"","header-main-stick-meta":"","header-below-stick-meta":"","astra-migrate-meta-layouts":"default","ast-page-background-enabled":"default","ast-page-background-meta":{"desktop":{"background-color":"var(--ast-global-color-4)","background-image":"","background-repeat":"repeat","background-position":"center center","background-size":"auto","background-attachment":"scroll","background-type":"","background-media":"","overlay-type":"","overlay-color":"","overlay-opacity":"","overlay-gradient":""},"tablet":{"background-color":"","background-image":"","background-repeat":"repeat","background-position":"center center","background-size":"auto","background-attachment":"scroll","background-type":"","background-media":"","overlay-type":"","overlay-color":"","overlay-opacity":"","overlay-gradient":""},"mobile":{"background-color":"","background-image":"","background-repeat":"repeat","background-position":"center center","background-size":"auto","background-attachment":"scroll","background-type":"","background-media":"","overlay-type":"","overlay-color":"","overlay-opacity":"","overlay-gradient":""}},"ast-content-background-meta":{"desktop":{"background-color":"var(--ast-global-color-5)","background-image":"","background-repeat":"repeat","background-position":"center center","background-size":"auto","background-attachment":"scroll","background-type":"","background-media":"","overlay-type":"","overlay-color":"","overlay-opacity":"","overlay-gradient":""},"tablet":{"background-color":"var(--ast-global-color-5)","background-image":"","background-repeat":"repeat","background-position":"center center","background-size":"auto","background-attachment":"scroll","background-type":"","background-media":"","overlay-type":"","overlay-color":"","overlay-opacity":"","overlay-gradient":""},"mobile":{"background-color":"var(--ast-global-color-5)","background-image":"","background-repeat":"repeat","background-position":"center center","background-size":"auto","background-attachment":"scroll","background-type":"","background-media":"","overlay-type":"","overlay-color":"","overlay-opacity":"","overlay-gradient":""}},"footnotes":""},"class_list":["post-2122","page","type-page","status-publish","hentry"],"uagb_featured_image_src":{"full":false,"thumbnail":false,"medium":false,"medium_large":false,"large":false,"1536x1536":false,"2048x2048":false},"uagb_author_info":{"display_name":"academiapokernet","author_link":"https:\/\/academiapoker.net\/pt-br\/author\/academiapokernet\/"},"uagb_comment_info":0,"uagb_excerpt":"[&hellip;]","_links":{"self":[{"href":"https:\/\/academiapoker.net\/pt-br\/wp-json\/wp\/v2\/pages\/2122","targetHints":{"allow":["GET"]}}],"collection":[{"href":"https:\/\/academiapoker.net\/pt-br\/wp-json\/wp\/v2\/pages"}],"about":[{"href":"https:\/\/academiapoker.net\/pt-br\/wp-json\/wp\/v2\/types\/page"}],"author":[{"embeddable":true,"href":"https:\/\/academiapoker.net\/pt-br\/wp-json\/wp\/v2\/users\/1"}],"replies":[{"embeddable":true,"href":"https:\/\/academiapoker.net\/pt-br\/wp-json\/wp\/v2\/comments?post=2122"}],"version-history":[{"count":2,"href":"https:\/\/academiapoker.net\/pt-br\/wp-json\/wp\/v2\/pages\/2122\/revisions"}],"predecessor-version":[{"id":5703,"href":"https:\/\/academiapoker.net\/pt-br\/wp-json\/wp\/v2\/pages\/2122\/revisions\/5703"}],"wp:attachment":[{"href":"https:\/\/academiapoker.net\/pt-br\/wp-json\/wp\/v2\/media?parent=2122"}],"curies":[{"name":"wp","href":"https:\/\/api.w.org\/{rel}","templated":true}]}}