{"id":2126,"date":"2022-12-28T17:12:24","date_gmt":"2022-12-28T17:12:24","guid":{"rendered":"https:\/\/academiapoker.net\/politica-privacidade\/"},"modified":"2023-02-04T12:59:28","modified_gmt":"2023-02-04T12:59:28","slug":"politica-privacidade","status":"publish","type":"page","link":"https:\/\/academiapoker.net\/pt-br\/politica-privacidade\/","title":{"rendered":"Pol\u00edtica de privacidade"},"content":{"rendered":"\n<p>Por meio de nossa pol\u00edtica de privacidade, conscientizamos voc\u00ea sobre as condi\u00e7\u00f5es adequadas de uso neste site.<\/p>\n\n\n\n<p>O uso destes implica sua aceita\u00e7\u00e3o total e sem reservas de todas e cada uma das disposi\u00e7\u00f5es inclu\u00eddas neste Aviso Legal, portanto, se voc\u00ea n\u00e3o concordar com qualquer uma das condi\u00e7\u00f5es aqui estabelecidas, voc\u00ea n\u00e3o deve usar e\/ou acessar este site.<\/p>\n\n\n\n<p>Reservamo-nos o direito de modificar esta Declara\u00e7\u00e3o de Privacidade a qualquer momento. Seu uso continuado de qualquer parte deste site ap\u00f3s a notifica\u00e7\u00e3o ou publica\u00e7\u00e3o de tais modifica\u00e7\u00f5es constituir\u00e1 sua aceita\u00e7\u00e3o de tais mudan\u00e7as. <\/p>\n\n\n\n<h2 class=\"wp-block-heading\">Biscoitos o Cookies<\/h2>\n\n\n\n<p>Este site faz uso de cookies, que s\u00e3o pequenos arquivos de dados gerados em seu computador, que enviam informa\u00e7\u00f5es sem fornecer refer\u00eancias que permitam deduzir dados pessoais a partir delas.<\/p>\n\n\n\n<p>Voc\u00ea pode configurar seu navegador para notific\u00e1-lo e rejeitar a instala\u00e7\u00e3o de cookies enviados por este site, sem que isso afete a possibilidade de acessar o conte\u00fado. Entretanto, n\u00e3o somos respons\u00e1veis pela desativa\u00e7\u00e3o desses cookies que impedem o bom funcionamento do site. <\/p>\n\n\n\n<h2 class=\"wp-block-heading\">Google e o cookie DART da DoubleClick<\/h2>\n\n\n\n<ul class=\"wp-block-list\">\n<li>O Google, como fornecedor de terceiros, utiliza cookies para veicular an\u00fancios em seu site.<\/li>\n\n\n\n<li>O uso do cookie DART permite ao Google veicular an\u00fancios aos usu\u00e1rios que visitam seus sites e outros sites na Internet.<\/li>\n\n\n\n<li>Os usu\u00e1rios podem optar temporariamente pelo n\u00e3o uso do cookie DART acessando o <a href=\"https:\/\/www.google.com\/privacy_ads.html\" target=\"_blank\" rel=\"noreferrer noopener nofollow\">an\u00fancio do Google e a pol\u00edtica de privacidade da rede de conte\u00fado<\/a>. Para torn\u00e1-lo permanente, voc\u00ea pode baixar e instalar plug-ins de navegador <a href=\"https:\/\/www.google.com\/ads\/preferences\/plugin\/\" target=\"_blank\" rel=\"noreferrer noopener nofollow\">dispon\u00edveis aqui<\/a>.<\/li>\n<\/ul>\n\n\n\n<h2 class=\"wp-block-heading\">Web Beacons<\/h2>\n\n\n\n<p>Al\u00e9m dos cookies, este site tamb\u00e9m pode conter web beacons, um arquivo gr\u00e1fico eletr\u00f4nico que nos permite contar os usu\u00e1rios que acessam o site ou acessar certos cookies no site, para que possamos oferecer uma experi\u00eancia ainda mais personalizada.<\/p>\n\n\n\n<h2 class=\"wp-block-heading\">A\u00e7\u00f5es de Terceiros<\/h2>\n\n\n\n<p>Al\u00e9m disso, voc\u00ea encontrar\u00e1 dentro deste site, p\u00e1ginas, promo\u00e7\u00f5es, microsites, lojas on-line, pesquisas, patrocinadores, anunciantes, contratantes e\/ou parceiros e servi\u00e7os comerciais, juntamente com outros servi\u00e7os compartilhados, de propriedade de terceiros (&#8220;Co-Branded Sites&#8221;) que podem solicitar informa\u00e7\u00f5es de voc\u00ea, que este site pode divulgar a voc\u00ea informa\u00e7\u00f5es fornecidas por voc\u00ea.<\/p>\n\n\n\n<p>As informa\u00e7\u00f5es fornecidas nestes Sites Cobrandeado est\u00e3o sujeitas \u00e0s pol\u00edticas de privacidade ou isen\u00e7\u00f5es de responsabilidade apresentadas nestes Sites e n\u00e3o est\u00e3o sujeitas a esta pol\u00edtica de privacidade. Encorajamos fortemente os Usu\u00e1rios a reverem cuidadosamente as pol\u00edticas de privacidade exibidas nos Sites Cobertos. <\/p>\n\n\n\n<p>Estudamos as prefer\u00eancias de nossos usu\u00e1rios, demografia, padr\u00f5es de tr\u00e1fego e outras informa\u00e7\u00f5es agregadas para entender melhor quem \u00e9 nosso p\u00fablico e o que voc\u00ea precisa. O rastreamento das prefer\u00eancias de nossos usu\u00e1rios tamb\u00e9m nos ajuda a servir a voc\u00ea os an\u00fancios mais relevantes. <\/p>\n\n\n\n<p>Pol\u00edtica de privacidade para rastreamento de fontes utilizadas neste site:<\/p>\n\n\n\n<p>Google (Analytics): <a href=\"https:\/\/www.google.com\/intl\/es_ALL\/privacypolicy.html\" target=\"_blank\" rel=\"noreferrer noopener nofollow\">http:\/\/www.google.com\/intl\/es_ALL\/privacypolicy.html<\/a><\/p>\n\n\n\n<h2 class=\"wp-block-heading\">Pol\u00edtica de prote\u00e7\u00e3o de dados pessoais<\/h2>\n\n\n\n<p>Para utilizar alguns dos servi\u00e7os ou acessar certos conte\u00fados, \u00e9 necess\u00e1rio primeiro fornecer certos dados pessoais, que s\u00f3 ser\u00e3o utilizados para os fins para os quais foram coletados.<\/p>\n\n\n\n<p>O tipo de informa\u00e7\u00e3o que voc\u00ea pode ser solicitado a fornecer inclui, mas n\u00e3o est\u00e1 limitado a, seu nome, endere\u00e7o de e-mail, data de nascimento, sexo, profiss\u00e3o, pa\u00eds e cidade de origem e interesses pessoais, entre outros. Nem todas as informa\u00e7\u00f5es solicitadas no momento da participa\u00e7\u00e3o no site devem ser fornecidas, exceto quando julgarmos apropriado e n\u00f3s o informaremos.<\/p>\n\n\n\n<p>Como princ\u00edpio geral, este site n\u00e3o compartilha ou divulga informa\u00e7\u00f5es obtidas, exceto quando autorizado por voc\u00ea, ou nos seguintes casos:<br>a) Quando exigido por uma autoridade competente e ap\u00f3s o cumprimento do processo legal correspondente e b) Quando, na opini\u00e3o deste site, for necess\u00e1rio impor as condi\u00e7\u00f5es de uso e outros termos desta p\u00e1gina, ou para salvaguardar a integridade de outros usu\u00e1rios ou do site. <br>Voc\u00ea deve estar ciente de que se voc\u00ea divulgar voluntariamente informa\u00e7\u00f5es pessoais on-line em uma \u00e1rea p\u00fablica, essas informa\u00e7\u00f5es podem ser coletadas e utilizadas por outras pessoas. N\u00f3s n\u00e3o controlamos as a\u00e7\u00f5es de nossos visitantes e usu\u00e1rios. <\/p>\n\n\n\n<h2 class=\"wp-block-heading\">Cuidado Respons\u00e1vel<\/h2>\n\n\n\n<p>Todas as informa\u00e7\u00f5es que voc\u00ea fornecer devem ser verdadeiras. Para estes fins, voc\u00ea garante a autenticidade de todos os dados que voc\u00ea fornece como resultado do preenchimento dos formul\u00e1rios necess\u00e1rios para a assinatura dos Servi\u00e7os, acesso ao conte\u00fado ou \u00e1reas restritas do site. Em qualquer caso, voc\u00ea ser\u00e1 o \u00fanico respons\u00e1vel por quaisquer declara\u00e7\u00f5es falsas ou imprecisas que fizer e por quaisquer danos causados a este site ou a terceiros pelas informa\u00e7\u00f5es que fornecer.  <\/p>\n\n\n\n<p>Voc\u00ea concorda em agir responsavelmente neste site e em tratar os outros visitantes com respeito.<\/p>\n","protected":false},"excerpt":{"rendered":" ","protected":false},"author":1,"featured_media":0,"parent":0,"menu_order":0,"comment_status":"closed","ping_status":"closed","template":"","meta":{"_uag_custom_page_level_css":"","site-sidebar-layout":"default","site-content-layout":"","ast-site-content-layout":"default","site-content-style":"default","site-sidebar-style":"default","ast-global-header-display":"","ast-banner-title-visibility":"","ast-main-header-display":"","ast-hfb-above-header-display":"","ast-hfb-below-header-display":"","ast-hfb-mobile-header-display":"","site-post-title":"","ast-breadcrumbs-content":"","ast-featured-img":"","footer-sml-layout":"","ast-disable-related-posts":"","theme-transparent-header-meta":"","adv-header-id-meta":"","stick-header-meta":"","header-above-stick-meta":"","header-main-stick-meta":"","header-below-stick-meta":"","astra-migrate-meta-layouts":"default","ast-page-background-enabled":"default","ast-page-background-meta":{"desktop":{"background-color":"var(--ast-global-color-4)","background-image":"","background-repeat":"repeat","background-position":"center center","background-size":"auto","background-attachment":"scroll","background-type":"","background-media":"","overlay-type":"","overlay-color":"","overlay-opacity":"","overlay-gradient":""},"tablet":{"background-color":"","background-image":"","background-repeat":"repeat","background-position":"center center","background-size":"auto","background-attachment":"scroll","background-type":"","background-media":"","overlay-type":"","overlay-color":"","overlay-opacity":"","overlay-gradient":""},"mobile":{"background-color":"","background-image":"","background-repeat":"repeat","background-position":"center center","background-size":"auto","background-attachment":"scroll","background-type":"","background-media":"","overlay-type":"","overlay-color":"","overlay-opacity":"","overlay-gradient":""}},"ast-content-background-meta":{"desktop":{"background-color":"var(--ast-global-color-5)","background-image":"","background-repeat":"repeat","background-position":"center center","background-size":"auto","background-attachment":"scroll","background-type":"","background-media":"","overlay-type":"","overlay-color":"","overlay-opacity":"","overlay-gradient":""},"tablet":{"background-color":"var(--ast-global-color-5)","background-image":"","background-repeat":"repeat","background-position":"center center","background-size":"auto","background-attachment":"scroll","background-type":"","background-media":"","overlay-type":"","overlay-color":"","overlay-opacity":"","overlay-gradient":""},"mobile":{"background-color":"var(--ast-global-color-5)","background-image":"","background-repeat":"repeat","background-position":"center center","background-size":"auto","background-attachment":"scroll","background-type":"","background-media":"","overlay-type":"","overlay-color":"","overlay-opacity":"","overlay-gradient":""}},"footnotes":""},"class_list":["post-2126","page","type-page","status-publish","hentry"],"uagb_featured_image_src":{"full":false,"thumbnail":false,"medium":false,"medium_large":false,"large":false,"1536x1536":false,"2048x2048":false},"uagb_author_info":{"display_name":"academiapokernet","author_link":"https:\/\/academiapoker.net\/pt-br\/author\/academiapokernet\/"},"uagb_comment_info":0,"uagb_excerpt":"[&hellip;]","_links":{"self":[{"href":"https:\/\/academiapoker.net\/pt-br\/wp-json\/wp\/v2\/pages\/2126","targetHints":{"allow":["GET"]}}],"collection":[{"href":"https:\/\/academiapoker.net\/pt-br\/wp-json\/wp\/v2\/pages"}],"about":[{"href":"https:\/\/academiapoker.net\/pt-br\/wp-json\/wp\/v2\/types\/page"}],"author":[{"embeddable":true,"href":"https:\/\/academiapoker.net\/pt-br\/wp-json\/wp\/v2\/users\/1"}],"replies":[{"embeddable":true,"href":"https:\/\/academiapoker.net\/pt-br\/wp-json\/wp\/v2\/comments?post=2126"}],"version-history":[{"count":2,"href":"https:\/\/academiapoker.net\/pt-br\/wp-json\/wp\/v2\/pages\/2126\/revisions"}],"predecessor-version":[{"id":5704,"href":"https:\/\/academiapoker.net\/pt-br\/wp-json\/wp\/v2\/pages\/2126\/revisions\/5704"}],"wp:attachment":[{"href":"https:\/\/academiapoker.net\/pt-br\/wp-json\/wp\/v2\/media?parent=2126"}],"curies":[{"name":"wp","href":"https:\/\/api.w.org\/{rel}","templated":true}]}}