{"id":4283,"date":"2022-12-26T16:59:19","date_gmt":"2022-12-26T16:59:19","guid":{"rendered":"https:\/\/academiapoker.net\/cash-games\/"},"modified":"2023-02-03T19:05:56","modified_gmt":"2023-02-03T19:05:56","slug":"cash-games","status":"publish","type":"page","link":"https:\/\/academiapoker.net\/pt-br\/cash-games\/","title":{"rendered":"O que s\u00e3o os Cash Games no poker?"},"content":{"rendered":"\n<p>No enorme mundo do poker, as op\u00e7\u00f5es de jogo s\u00e3o muitas e podem geralmente confundir os jogadores, principalmente os novatos. \u00c9 por isso que aqui voc\u00ea encontrar\u00e1 toda a informa\u00e7\u00e3o necess\u00e1ria para entender perfeitamente como funciona o <em>Cash Games<\/em> no poker e assim, come\u00e7ar a sua aventura <a href=\"https:\/\/academiapoker.net\/pt-br\/tipos-poker\/\">neste tipo de jogo<\/a>. <\/p>\n\n<div id=\"ez-toc-container\" class=\"ez-toc-v2_0_79_2 counter-hierarchy ez-toc-counter ez-toc-custom ez-toc-container-direction\">\n<p class=\"ez-toc-title\" style=\"cursor:inherit\">\u00cdndice:<\/p>\n<label for=\"ez-toc-cssicon-toggle-item-6a0687d9af886\" class=\"ez-toc-cssicon-toggle-label\"><span class=\"ez-toc-cssicon\"><span class=\"eztoc-hide\" style=\"display:none;\">Toggle<\/span><span class=\"ez-toc-icon-toggle-span\"><svg style=\"fill: #ffffff;color:#ffffff\" xmlns=\"http:\/\/www.w3.org\/2000\/svg\" class=\"list-377408\" width=\"20px\" height=\"20px\" viewBox=\"0 0 24 24\" fill=\"none\"><path d=\"M6 6H4v2h2V6zm14 0H8v2h12V6zM4 11h2v2H4v-2zm16 0H8v2h12v-2zM4 16h2v2H4v-2zm16 0H8v2h12v-2z\" fill=\"currentColor\"><\/path><\/svg><svg style=\"fill: #ffffff;color:#ffffff\" class=\"arrow-unsorted-368013\" xmlns=\"http:\/\/www.w3.org\/2000\/svg\" width=\"10px\" height=\"10px\" viewBox=\"0 0 24 24\" version=\"1.2\" baseProfile=\"tiny\"><path d=\"M18.2 9.3l-6.2-6.3-6.2 6.3c-.2.2-.3.4-.3.7s.1.5.3.7c.2.2.4.3.7.3h11c.3 0 .5-.1.7-.3.2-.2.3-.5.3-.7s-.1-.5-.3-.7zM5.8 14.7l6.2 6.3 6.2-6.3c.2-.2.3-.5.3-.7s-.1-.5-.3-.7c-.2-.2-.4-.3-.7-.3h-11c-.3 0-.5.1-.7.3-.2.2-.3.5-.3.7s.1.5.3.7z\"\/><\/svg><\/span><\/span><\/label><input type=\"checkbox\"  id=\"ez-toc-cssicon-toggle-item-6a0687d9af886\" checked aria-label=\"Alternar\" \/><nav><ul class='ez-toc-list ez-toc-list-level-1 ' ><li class='ez-toc-page-1 ez-toc-heading-level-2'><a class=\"ez-toc-link ez-toc-heading-1\" href=\"https:\/\/academiapoker.net\/pt-br\/cash-games\/#O-que-e-Cash-Game-no-poker\" >O que \u00e9 Cash Game no poker?<\/a><\/li><li class='ez-toc-page-1 ez-toc-heading-level-2'><a class=\"ez-toc-link ez-toc-heading-2\" href=\"https:\/\/academiapoker.net\/pt-br\/cash-games\/#Como-funcionam-os-Cash-Game-poker\" >Como funcionam os Cash Game poker?<\/a><\/li><li class='ez-toc-page-1 ez-toc-heading-level-2'><a class=\"ez-toc-link ez-toc-heading-3\" href=\"https:\/\/academiapoker.net\/pt-br\/cash-games\/#Como-funciona-o-buy-in-nos-Cash-Games-de-poker\" >Como funciona o buy-in nos Cash Games de poker?<\/a><\/li><li class='ez-toc-page-1 ez-toc-heading-level-2'><a class=\"ez-toc-link ez-toc-heading-4\" href=\"https:\/\/academiapoker.net\/pt-br\/cash-games\/#O-Que-significam-as-siglas-NL-nos-Cash-Games-de-poker\" >O Que significam as siglas NL nos Cash Games de poker?<\/a><\/li><li class='ez-toc-page-1 ez-toc-heading-level-2'><a class=\"ez-toc-link ez-toc-heading-5\" href=\"https:\/\/academiapoker.net\/pt-br\/cash-games\/#Por-que-jogar-Cash-poker\" >Por que jogar Cash poker?<\/a><\/li><li class='ez-toc-page-1 ez-toc-heading-level-2'><a class=\"ez-toc-link ez-toc-heading-6\" href=\"https:\/\/academiapoker.net\/pt-br\/cash-games\/#Cash-Games-poker-tips\" >Cash Games poker tips<\/a><ul class='ez-toc-list-level-3' ><li class='ez-toc-heading-level-3'><a class=\"ez-toc-link ez-toc-heading-7\" href=\"https:\/\/academiapoker.net\/pt-br\/cash-games\/#Seja-agressivo\" >Seja agressivo<\/a><\/li><li class='ez-toc-page-1 ez-toc-heading-level-3'><a class=\"ez-toc-link ez-toc-heading-8\" href=\"https:\/\/academiapoker.net\/pt-br\/cash-games\/#Blefe-mas-nao-muito\" >Blefe, mas n\u00e3o muito<\/a><\/li><li class='ez-toc-page-1 ez-toc-heading-level-3'><a class=\"ez-toc-link ez-toc-heading-9\" href=\"https:\/\/academiapoker.net\/pt-br\/cash-games\/#Escolha-uma-boa-mesa\" >Escolha uma boa mesa<\/a><\/li><li class='ez-toc-page-1 ez-toc-heading-level-3'><a class=\"ez-toc-link ez-toc-heading-10\" href=\"https:\/\/academiapoker.net\/pt-br\/cash-games\/#Conheca-sua-classificacao-de-maos-pre-flop-por-posicao\" >Conhe\u00e7a sua classifica\u00e7\u00e3o de m\u00e3os pr\u00e9-flop por posi\u00e7\u00e3o<\/a><\/li><li class='ez-toc-page-1 ez-toc-heading-level-3'><a class=\"ez-toc-link ez-toc-heading-11\" href=\"https:\/\/academiapoker.net\/pt-br\/cash-games\/#Estude-seus-oponentes\" >Estude seus oponentes<\/a><\/li><\/ul><\/li><li class='ez-toc-page-1 ez-toc-heading-level-2'><a class=\"ez-toc-link ez-toc-heading-12\" href=\"https:\/\/academiapoker.net\/pt-br\/cash-games\/#Conclusoes\" >Conclus\u00f5es<\/a><\/li><li class='ez-toc-page-1 ez-toc-heading-level-2'><a class=\"ez-toc-link ez-toc-heading-13\" href=\"https:\/\/academiapoker.net\/pt-br\/cash-games\/#Perguntas-relacionadas\" >Perguntas relacionadas<\/a><ul class='ez-toc-list-level-3' ><li class='ez-toc-heading-level-3'><a class=\"ez-toc-link ez-toc-heading-14\" href=\"https:\/\/academiapoker.net\/pt-br\/cash-games\/#Quanto-ganha-um-jogador-de-cash-game\" >Quanto ganha um jogador de cash game?<\/a><\/li><li class='ez-toc-page-1 ez-toc-heading-level-3'><a class=\"ez-toc-link ez-toc-heading-15\" href=\"https:\/\/academiapoker.net\/pt-br\/cash-games\/#Como-ser-lucrativo-em-cash-games\" >Como ser lucrativo em cash games?<\/a><\/li><li class='ez-toc-page-1 ez-toc-heading-level-3'><a class=\"ez-toc-link ez-toc-heading-16\" href=\"https:\/\/academiapoker.net\/pt-br\/cash-games\/#Quais-sao-os-melhores-jogos-para-jogar-em-cash-games-de-poker\" >Quais s\u00e3o os melhores jogos para jogar em cash games de poker?<\/a><\/li><li class='ez-toc-page-1 ez-toc-heading-level-3'><a class=\"ez-toc-link ez-toc-heading-17\" href=\"https:\/\/academiapoker.net\/pt-br\/cash-games\/#Quais-sao-as-diferencas-entre-jogos-a-dinheiro-e-torneios-de-poker\" >Quais s\u00e3o as diferen\u00e7as entre jogos a dinheiro e torneios de poker?<\/a><\/li><\/ul><\/li><\/ul><\/nav><\/div>\n<h2 class=\"wp-block-heading\"><span class=\"ez-toc-section\" id=\"O-que-e-Cash-Game-no-poker\"><\/span><a><\/a>O que \u00e9 <em>Cash Game<\/em> no poker?<span class=\"ez-toc-section-end\"><\/span><\/h2>\n\n<p>A primeira coisa que \u00e9 preciso entender, \u00e9 que na verdade os <em>Cash Games<\/em> n\u00e3o s\u00e3o um torneio de poker, mas sim um tipo de jogo de poker, tamb\u00e9m conhecido como <em>ring games<\/em>. Os <em>cash games<\/em> s\u00e3o os mais populares do mundo, j\u00e1 que podem ser jogados em qualquer lugar e com qualquer pessoa. <\/p>\n\n<figure class=\"wp-block-image size-full\"><img decoding=\"async\" width=\"800\" height=\"456\" src=\"https:\/\/academiapoker.net\/wp-content\/uploads\/cash-game.jpg\" alt=\"cash game\" class=\"wp-image-1357\" title=\"O que &#xE9; Cash Game no poker\" srcset=\"https:\/\/academiapoker.net\/wp-content\/uploads\/cash-game.jpg 800w, https:\/\/academiapoker.net\/wp-content\/uploads\/cash-game-300x171.jpg 300w, https:\/\/academiapoker.net\/wp-content\/uploads\/cash-game-768x438.jpg 768w\" sizes=\"(max-width: 800px) 100vw, 800px\" \/><\/figure>\n\n<p>Sendo um jogo muito simples, aqui os jogadores est\u00e3o em uma \u00fanica mesa, trocam o seu dinheiro por fichas e cada um leva o que ganha na mesa.<\/p>\n\n<h2 class=\"wp-block-heading\"><span class=\"ez-toc-section\" id=\"Como-funcionam-os-Cash-Game-poker\"><\/span><a><\/a>Como funcionam os <em>Cash Game<\/em> poker?<span class=\"ez-toc-section-end\"><\/span><\/h2>\n\n<p>Os jogos de poker <em>cash games<\/em> s\u00e3o muito simples. Voc\u00ea s\u00f3 precisa sentar em uma mesa, jogar poker e no momento que decidir para de jogar, \u00e9 s\u00f3 pegar suas fichas e sair da mesa. <\/p>\n\n<p>Diferente <a href=\"https:\/\/academiapoker.net\/pt-br\/torneios-poker\/\">dos torneios convencional<\/a>, n\u00e3o h\u00e1 data nem hora de in\u00edcio, sendo tamb\u00e9m um tipo de jogo para ser jogado em casa com amigos e valendo dinheiro. Outra grande diferen\u00e7a \u00e9 que nos <em>cash games<\/em> n\u00e3o h\u00e1 um \u00fanico campe\u00e3o, pois os jogadores ficam com o valor em dinheiro do que conseguiram lucrar durante o jogo. Isto \u00e9, voc\u00ea pode ganhar uma rodada de apostas, pegar o pote, levantar da mesa, e ir para casa. <\/p>\n\n<p>Nos torneios isso \u00e9 diferente, porque o jogo n\u00e3o termina at\u00e9 ter um campe\u00e3o, quem al\u00e9m de levar o pr\u00eamio maior, geralmente leva um trof\u00e9u, e s\u00e3o uns poucos os que levam algum pr\u00eamio. Nos cash games todos podem ganhar, a toda hora. <\/p>\n\n<h2 class=\"wp-block-heading\"><span class=\"ez-toc-section\" id=\"Como-funciona-o-buy-in-nos-Cash-Games-de-poker\"><\/span>Como funciona o buy-in nos Cash Games de poker?<span class=\"ez-toc-section-end\"><\/span><\/h2>\n\n<p>Nos <em>cash games<\/em> de poker h\u00e1 um valor m\u00ednimo e m\u00e1ximo para o <em>buy-in<\/em>, que varia dependendo do tamanho da aposta. Os <em>blinds<\/em>, neste tipo de jogo, \u00e9 um valor fixo, o que o pode tornar um jogo mais elaborado j\u00e1 que voc\u00ea manter\u00e1 um <em>stack<\/em> maior gerando muitas possibilidades de jogo. Por isso \u00e9 importante <a href=\"https:\/\/academiapoker.net\/pt-br\/estrategias\/\">manter uma boa estrat\u00e9gia de jogo<\/a>.  <\/p>\n\n<h2 class=\"wp-block-heading\"><span class=\"ez-toc-section\" id=\"O-Que-significam-as-siglas-NL-nos-Cash-Games-de-poker\"><\/span>O Que significam as siglas NL nos Cash Games de poker?<span class=\"ez-toc-section-end\"><\/span><\/h2>\n\n<p>Na hora de escolher uma mesa para <a href=\"https:\/\/academiapoker.net\/pt-br\/\">jogar um cash game de poker<\/a> podemos ter algumas d\u00favidas. Para escolher melhor voc\u00ea precisa entender o que significam as Siglas NL.<\/p>\n\n<p>NL no poker, significa No Limit, ou seja, sem limite de apostas. Isto quer dizer que voc\u00ea pode ir all-in em qualquer momento da partida. <\/p>\n\n<p>Tamb\u00e9m \u00e9 importante saber interpretar o n\u00famero qu vem depois do \u201cNL\u201d, como exemplo: NL200, NL500, etc.<\/p>\n\n<p>Esse n\u00famero que aparece depois do NL faz refer\u00eancia ao n\u00famero do big blind multiplicado por cem, e \u00e9 tamb\u00e9m o n\u00famero m\u00e1ximo de dinheiro com que voc\u00ea pode sentar na mesa. Ent\u00e3o, no caso NL200, os blinds ser\u00e3o $1\/$2, e voc\u00ea pode entrar na mesa com um stack m\u00e1ximo equivalente a 200, ou seja, 100 big blinds. <\/p>\n\n<h2 class=\"wp-block-heading\"><span class=\"ez-toc-section\" id=\"Por-que-jogar-Cash-poker\"><\/span><a><\/a>Por que jogar <em>Cash poker<\/em>?<span class=\"ez-toc-section-end\"><\/span><\/h2>\n\n<p>\u00c9 claro que tudo depende do gosto e da prefer\u00eancia de cada jogador. Ent\u00e3o se voc\u00ea ainda n\u00e3o decidiu se jogar em um torneio ou <em>cash games<\/em>, vamos ver algumas vantagens dos <em>cash games<\/em>. <\/p>\n\n<p>Em primeiro lugar est\u00e1 a liberdade. Os <em>cash games<\/em> n\u00e3o tem data marcada nem hor\u00e1rio, \u00e9 um jogo que voc\u00ea pode aproveitar em qualquer tempo livre que voc\u00ea tiver para ganhar um extra. Al\u00e9m disso, voc\u00ea decide se jogar 10 minutos ou 5 horas, j\u00e1 que pode deixar a mesa a qualquer momento que preferir.  <\/p>\n\n<p>Outra grande vantagem \u00e9 que a vari\u00e2ncia \u00e9 muito menor que nos torneios de poker. Nos <em>cash games<\/em>, voc\u00ea n\u00e3o poder\u00e1 fazer <em>big hits<\/em>, e por isso n\u00e3o haver\u00e1 grandes sequ\u00eancias de perdas, diminuindo o seu <em>bankroll<\/em>. Ao manter um bom jogo, a recompensa \u00e9 constante e por isso \u00e9 importante ter um bom desempenho ao longo do jogo para ter mais lucro.  <\/p>\n\n<h2 class=\"wp-block-heading\"><span class=\"ez-toc-section\" id=\"Cash-Games-poker-tips\"><\/span><em>Cash Games<\/em> poker tips<span class=\"ez-toc-section-end\"><\/span><\/h2>\n\n<figure class=\"wp-block-image size-full\"><img decoding=\"async\" src=\"https:\/\/academiapoker.net\/wp-content\/uploads\/cash-games-dicas.jpg\" alt=\"cash games dicas\" class=\"wp-image-1359\" title=\"Cash Games poker tips\"\/><\/figure>\n\n<p>Por mais que o <em>cash games<\/em> poker seja considerado simples em como \u00e9 organizado, ainda assim \u00e9 um jogo interessante e considerado at\u00e9 mais elaborado.<\/p>\n\n<p>Por isso, vamos deixar aqui as principais dicas para aproveitar ao m\u00e1ximo os <em>cash games<\/em> poker e poder lucrar bastante com eles.<\/p>\n\n<h3 class=\"wp-block-heading\"><span class=\"ez-toc-section\" id=\"Seja-agressivo\"><\/span><a><\/a>Seja agressivo<span class=\"ez-toc-section-end\"><\/span><\/h3>\n\n<p>Ser agressivo no poker, pode causar que os seus advers\u00e1rios desistam da mesa e voc\u00ea nem precise chegar ao <em>showdown<\/em>, levando antecipadamente o pote.<\/p>\n\n<h3 class=\"wp-block-heading\"><span class=\"ez-toc-section\" id=\"Blefe-mas-nao-muito\"><\/span>Blefe, mas n\u00e3o muito<span class=\"ez-toc-section-end\"><\/span><\/h3>\n\n<figure class=\"wp-block-image size-full\"><img decoding=\"async\" src=\"https:\/\/academiapoker.net\/wp-content\/uploads\/blefe-cash-games.jpg\" alt=\"blefe cash games\" class=\"wp-image-1360\" title=\"Blefe, mas n&#xE3;o muito\"\/><\/figure>\n\n<p>No poker, sempre <a href=\"https:\/\/academiapoker.net\/pt-br\/estrategias\/blefe-poker\/\">\u00e9 importante saber blefar<\/a>, mas com controle. Se voc\u00ea blefar pouco, os seus oponentes saber\u00e3o que voc\u00ea ter\u00e1 sempre uma boa m\u00e3o quando fizer um raise, por exemplo, e assim conhecer\u00e3o o seu jogo. Ao blefar muito, os advers\u00e1rios podem se arriscar contra voc\u00ea, e com certeza voc\u00ea terminar\u00e1 perdendo fichas. <\/p>\n\n<h3 class=\"wp-block-heading\"><span class=\"ez-toc-section\" id=\"Escolha-uma-boa-mesa\"><\/span><a><\/a>Escolha uma boa mesa<span class=\"ez-toc-section-end\"><\/span><\/h3>\n\n<p>Nas mesas de <em>cash games<\/em> poker, o seu lucro vem do pote formado pelas perdas dos jogadores que participam das mesas. Ent\u00e3o, a melhor mesa para ganhar uns jogos de poker, \u00e9 aquela com <a href=\"https:\/\/academiapoker.net\/pt-br\/jogadores-poker\/10-tipos-jogadores-poker\/\">jogadores <em>fish<\/em><\/a> que voc\u00ea sabe que sair\u00e1 lucrando. <\/p>\n\n<h3 class=\"wp-block-heading\"><span class=\"ez-toc-section\" id=\"Conheca-sua-classificacao-de-maos-pre-flop-por-posicao\"><\/span><a><\/a>Conhe\u00e7a sua classifica\u00e7\u00e3o de m\u00e3os <em>pr\u00e9-flop<\/em> por posi\u00e7\u00e3o<span class=\"ez-toc-section-end\"><\/span><\/h3>\n\n<p>A <a href=\"https:\/\/academiapoker.net\/pt-br\/escola\/posicoes-mesa-poker\/\">posi\u00e7\u00e3o em uma mesa de poker \u00e9 fundamental<\/a>, j\u00e1 que dependendo de onde sentar, ser\u00e1 a quantidade de informa\u00e7\u00e3o que voc\u00ea ter\u00e1 sobre os demais jogadores at\u00e9 chegar a sua vez. Por exemplo, quanto mais longe voc\u00ea estiver do bot\u00e3o, melhor e mais fortes dever\u00e3o ser suas m\u00e3os para poder jogar lucrativamente.<\/p>\n\n<h3 class=\"wp-block-heading\"><span class=\"ez-toc-section\" id=\"Estude-seus-oponentes\"><\/span><a><\/a>Estude seus oponentes<span class=\"ez-toc-section-end\"><\/span><\/h3>\n\n<p>Analise cada movimento dos seus oponentes para poder agir de forma correta contra eles. Voc\u00ea poder\u00e1 entender melhor quando um deles estiver blefando e assim poder\u00e1 arriscar-se e ganhar uma boa m\u00e3o. <\/p>\n\n<h2 class=\"wp-block-heading\"><span class=\"ez-toc-section\" id=\"Conclusoes\"><\/span><a><\/a>Conclus\u00f5es<span class=\"ez-toc-section-end\"><\/span><\/h2>\n\n<p>Os <em>cash games<\/em> no poker s\u00e3o a melhor op\u00e7\u00e3o para todos os jogadores que gostam de ganhar um extra r\u00e1pido e n\u00e3o tem muito tempo para participar de torneios. Esta op\u00e7\u00e3o \u00e9 mais jogada por poder ser feita em qualquer lugar e com qualquer pessoa. Aproveite todas as dicas acima e lucre com os <em>cash games<\/em> poker.  <\/p>\n\n<h2 class=\"wp-block-heading\"><span class=\"ez-toc-section\" id=\"Perguntas-relacionadas\"><\/span>Perguntas relacionadas<span class=\"ez-toc-section-end\"><\/span><\/h2>\n<div id=\"rank-math-faq\" class=\"rank-math-block\">\n<div class=\"rank-math-list \">\n<div id=\"faq-question-1672073885939\" class=\"rank-math-list-item\">\n<h3 class=\"rank-math-question \"><span class=\"ez-toc-section\" id=\"Quanto-ganha-um-jogador-de-cash-game\"><\/span>Quanto ganha um jogador de <em>cash game<\/em>?<span class=\"ez-toc-section-end\"><\/span><\/h3>\n<div class=\"rank-math-answer \">\n\n<p>Os jogadores de <em>cash games<\/em> poker podem ganhar grandes potes ao manter uma boa estrat\u00e9gia ao longo de todo o jogo. O valor do pote depender\u00e1 da quantidade de jogadores na mesa, e da perda das fichas dos advers\u00e1rios. <\/p>\n\n<\/div>\n<\/div>\n<div id=\"faq-question-1672073890689\" class=\"rank-math-list-item\">\n<h3 class=\"rank-math-question \"><span class=\"ez-toc-section\" id=\"Como-ser-lucrativo-em-cash-games\"><\/span>Como ser lucrativo em <em>cash games<\/em>?<span class=\"ez-toc-section-end\"><\/span><\/h3>\n<div class=\"rank-math-answer \">\n\n<p>Voc\u00ea pode obter muito lucro com os <em>cash games<\/em> escolhendo um <em>field<\/em> que voc\u00ea bata. Isso significa que escolhendo uma mesa onde voc\u00ea \u00e9 potencialmente o melhor jogador, seu lucro \u00e9 garantido. <\/p>\n\n<\/div>\n<\/div>\n<div id=\"faq-question-1675451084571\" class=\"rank-math-list-item\">\n<h3 class=\"rank-math-question \"><span class=\"ez-toc-section\" id=\"Quais-sao-os-melhores-jogos-para-jogar-em-cash-games-de-poker\"><\/span>Quais s\u00e3o os melhores jogos para jogar em cash games de poker?<span class=\"ez-toc-section-end\"><\/span><\/h3>\n<div class=\"rank-math-answer \">\n\n<p>Os melhores jogos para jogar em cash games incluem Texas Hold&#8217;em, Omaha, Seven Card Stud e Razz. Esses jogos s\u00e3o populares devido \u00e0 sua estrutura de jogo, \u00e0s habilidades que exigem e \u00e0 capacidade de se adaptar a diferentes n\u00edveis de habilidade. <\/p>\n\n<\/div>\n<\/div>\n<div id=\"faq-question-1675451090420\" class=\"rank-math-list-item\">\n<h3 class=\"rank-math-question \"><span class=\"ez-toc-section\" id=\"Quais-sao-as-diferencas-entre-jogos-a-dinheiro-e-torneios-de-poker\"><\/span>Quais s\u00e3o as diferen\u00e7as entre jogos a dinheiro e torneios de poker?<span class=\"ez-toc-section-end\"><\/span><\/h3>\n<div class=\"rank-math-answer \">\n\n<p>As diferen\u00e7as entre jogos a dinheiro e torneios de p\u00f4quer incluem a estrutura de apostas, o tamanho das apostas e a forma como os vencedores s\u00e3o determinados. Nos torneios, os jogadores competem por um pr\u00eamio, enquanto nos jogos a dinheiro, os jogadores competem para ganhar ou perder dinheiro em cada m\u00e3o. <\/p>\n\n<\/div>\n<\/div>\n<\/div>\n<\/div>","protected":false},"excerpt":{"rendered":" ","protected":false},"author":1,"featured_media":2033,"parent":0,"menu_order":0,"comment_status":"closed","ping_status":"closed","template":"","meta":{"_uag_custom_page_level_css":"","site-sidebar-layout":"right-sidebar","site-content-layout":"","ast-site-content-layout":"default","site-content-style":"default","site-sidebar-style":"default","ast-global-header-display":"","ast-banner-title-visibility":"","ast-main-header-display":"","ast-hfb-above-header-display":"","ast-hfb-below-header-display":"","ast-hfb-mobile-header-display":"","site-post-title":"","ast-breadcrumbs-content":"","ast-featured-img":"","footer-sml-layout":"","ast-disable-related-posts":"","theme-transparent-header-meta":"","adv-header-id-meta":"","stick-header-meta":"","header-above-stick-meta":"","header-main-stick-meta":"","header-below-stick-meta":"","astra-migrate-meta-layouts":"default","ast-page-background-enabled":"default","ast-page-background-meta":{"desktop":{"background-color":"var(--ast-global-color-4)","background-image":"","background-repeat":"repeat","background-position":"center center","background-size":"auto","background-attachment":"scroll","background-type":"","background-media":"","overlay-type":"","overlay-color":"","overlay-opacity":"","overlay-gradient":""},"tablet":{"background-color":"","background-image":"","background-repeat":"repeat","background-position":"center center","background-size":"auto","background-attachment":"scroll","background-type":"","background-media":"","overlay-type":"","overlay-color":"","overlay-opacity":"","overlay-gradient":""},"mobile":{"background-color":"","background-image":"","background-repeat":"repeat","background-position":"center center","background-size":"auto","background-attachment":"scroll","background-type":"","background-media":"","overlay-type":"","overlay-color":"","overlay-opacity":"","overlay-gradient":""}},"ast-content-background-meta":{"desktop":{"background-color":"var(--ast-global-color-5)","background-image":"","background-repeat":"repeat","background-position":"center center","background-size":"auto","background-attachment":"scroll","background-type":"","background-media":"","overlay-type":"","overlay-color":"","overlay-opacity":"","overlay-gradient":""},"tablet":{"background-color":"var(--ast-global-color-5)","background-image":"","background-repeat":"repeat","background-position":"center center","background-size":"auto","background-attachment":"scroll","background-type":"","background-media":"","overlay-type":"","overlay-color":"","overlay-opacity":"","overlay-gradient":""},"mobile":{"background-color":"var(--ast-global-color-5)","background-image":"","background-repeat":"repeat","background-position":"center center","background-size":"auto","background-attachment":"scroll","background-type":"","background-media":"","overlay-type":"","overlay-color":"","overlay-opacity":"","overlay-gradient":""}},"footnotes":""},"class_list":["post-4283","page","type-page","status-publish","has-post-thumbnail","hentry"],"uagb_featured_image_src":{"full":["https:\/\/academiapoker.net\/wp-content\/uploads\/que-sao-cash-games-poker-academia.jpg",371,247,false],"thumbnail":["https:\/\/academiapoker.net\/wp-content\/uploads\/que-sao-cash-games-poker-academia-150x150.jpg",150,150,true],"medium":["https:\/\/academiapoker.net\/wp-content\/uploads\/que-sao-cash-games-poker-academia-300x200.jpg",300,200,true],"medium_large":["https:\/\/academiapoker.net\/wp-content\/uploads\/que-sao-cash-games-poker-academia.jpg",371,247,false],"large":["https:\/\/academiapoker.net\/wp-content\/uploads\/que-sao-cash-games-poker-academia.jpg",371,247,false],"1536x1536":["https:\/\/academiapoker.net\/wp-content\/uploads\/que-sao-cash-games-poker-academia.jpg",371,247,false],"2048x2048":["https:\/\/academiapoker.net\/wp-content\/uploads\/que-sao-cash-games-poker-academia.jpg",371,247,false]},"uagb_author_info":{"display_name":"academiapokernet","author_link":"https:\/\/academiapoker.net\/pt-br\/author\/academiapokernet\/"},"uagb_comment_info":0,"uagb_excerpt":"[&hellip;]","_links":{"self":[{"href":"https:\/\/academiapoker.net\/pt-br\/wp-json\/wp\/v2\/pages\/4283","targetHints":{"allow":["GET"]}}],"collection":[{"href":"https:\/\/academiapoker.net\/pt-br\/wp-json\/wp\/v2\/pages"}],"about":[{"href":"https:\/\/academiapoker.net\/pt-br\/wp-json\/wp\/v2\/types\/page"}],"author":[{"embeddable":true,"href":"https:\/\/academiapoker.net\/pt-br\/wp-json\/wp\/v2\/users\/1"}],"replies":[{"embeddable":true,"href":"https:\/\/academiapoker.net\/pt-br\/wp-json\/wp\/v2\/comments?post=4283"}],"version-history":[{"count":3,"href":"https:\/\/academiapoker.net\/pt-br\/wp-json\/wp\/v2\/pages\/4283\/revisions"}],"predecessor-version":[{"id":5309,"href":"https:\/\/academiapoker.net\/pt-br\/wp-json\/wp\/v2\/pages\/4283\/revisions\/5309"}],"wp:featuredmedia":[{"embeddable":true,"href":"https:\/\/academiapoker.net\/pt-br\/wp-json\/wp\/v2\/media\/2033"}],"wp:attachment":[{"href":"https:\/\/academiapoker.net\/pt-br\/wp-json\/wp\/v2\/media?parent=4283"}],"curies":[{"name":"wp","href":"https:\/\/api.w.org\/{rel}","templated":true}]}}